{"id":44494,"date":"2025-05-30T11:28:44","date_gmt":"2025-05-30T11:28:44","guid":{"rendered":"https:\/\/targetpluss.com\/?page_id=44494"},"modified":"2025-06-06T10:17:28","modified_gmt":"2025-06-06T10:17:28","slug":"logistics-services","status":"publish","type":"page","link":"https:\/\/targetpluss.com\/lv\/our-services\/logistics-services\/","title":{"rendered":"Lo\u0123istikas pakalpojumi"},"content":{"rendered":"<div data-elementor-type=\"wp-page\" data-elementor-id=\"44494\" class=\"elementor elementor-44494\" data-elementor-post-type=\"page\">\n\t\t\t\t\t\t<section class=\"elementor-section elementor-top-section elementor-element elementor-element-8599e64 elementor-section-stretched elementor-section-content-middle elementor-section-boxed elementor-section-height-default elementor-section-height-default text-reveal-no\" data-id=\"8599e64\" data-element_type=\"section\" data-e-type=\"section\" data-settings=\"{&quot;stretch_section&quot;:&quot;section-stretched&quot;}\">\n\t\t\t\t\t\t<div class=\"elementor-container elementor-column-gap-wide\">\n\t\t\t\t\t<div class=\"elementor-column elementor-col-50 elementor-top-column elementor-element elementor-element-0f2b1d6\" data-id=\"0f2b1d6\" data-element_type=\"column\" data-e-type=\"column\">\n\t\t\t<div class=\"elementor-widget-wrap elementor-element-populated\">\n\t\t\t\t\t\t<div class=\"elementor-element elementor-element-346e8b6 cea-separator-type-normal elementor-invisible elementor-widget elementor-widget-ceasectiontitle\" data-id=\"346e8b6\" data-element_type=\"widget\" data-e-type=\"widget\" data-settings=\"{&quot;_animation&quot;:&quot;fadeInUp&quot;}\" data-widget_type=\"ceasectiontitle.default\">\n\t\t\t\t<div class=\"elementor-widget-container\">\n\t\t\t\t\t<div class=\"section-title-wrapper\"><div class=\"title-wrap\"><h2 class=\"section-title none\" data-animation=\"none\">World\u2019s Leading Contract Logistics Provider <\/h2><div class=\"elementor-divider\"><span class=\"elementor-divider-separator\"><\/span><\/div><\/div><!-- .title-wrap --><div class=\"section-description\"><p class=\"section-content\">Target Pluss pied\u0101v\u0101 piel\u0101gotus lo\u0123istikas risin\u0101jumus, kas nodro\u0161ina pilnv\u0113rt\u012bgu pieg\u0101des \u0137\u0113des p\u0101rvald\u012bbu no s\u0101kuma l\u012bdz galam. Fokus\u0113joties uz uzticam\u012bbu, caursp\u012bd\u012bgumu un elast\u012bbu, m\u0113s pal\u012bdzam uz\u0146\u0113mumiem vis\u0101 Eirop\u0101 un \u0100zij\u0101 str\u0101d\u0101t efekt\u012bv\u0101k un p\u0101rvietot kravas gudr\u0101k.<\/p><\/div><!-- .section-description --><\/div><!-- .section-title-wrapper -->\t\t\t\t<\/div>\n\t\t\t\t<\/div>\n\t\t\t\t\t<\/div>\n\t\t<\/div>\n\t\t\t\t<div class=\"elementor-column elementor-col-50 elementor-top-column elementor-element elementor-element-11c4c79\" data-id=\"11c4c79\" data-element_type=\"column\" data-e-type=\"column\">\n\t\t\t<div class=\"elementor-widget-wrap elementor-element-populated\">\n\t\t\t\t\t\t<div class=\"elementor-element elementor-element-64e6f1e cea-view-framed cea-shape-square elementor-widget elementor-widget-ceafeaturebox\" data-id=\"64e6f1e\" data-element_type=\"widget\" data-e-type=\"widget\" data-widget_type=\"ceafeaturebox.default\">\n\t\t\t\t<div class=\"elementor-widget-container feature-box-wrapper feature-box-classic\">\n\t\t\t<a href=\"https:\/\/targetpluss.com\/lv\/our-services\/logistics-services\/group-cargo-transportation\/\"><div class=\"media\"><div class=\"media-body\"><h4 class=\"feature-box-title\">Grupu kravu p\u0101rvad\u0101jumi<\/h4><div class=\"fbox-content\">Elast\u012bga pieg\u0101de maz\u0101k\u0101m krav\u0101m vis\u0101 Eirop\u0101 un \u0100zij\u0101.<\/div><\/div><!-- .media-body --><div class=\"media-icon-part\"><div class=\"cea-featured-icon cea-elementor-animation\"><i aria-hidden=\"true\" class=\"ti ti-arrow-top-right\"><\/i><\/div><\/div><\/div><!-- .media --><\/a><!-- .fbox link close -->\t\t<\/div>\n\t\t\t\t<\/div>\n\t\t\t\t<div class=\"elementor-element elementor-element-7a40161 cea-view-framed cea-shape-square elementor-widget elementor-widget-ceafeaturebox\" data-id=\"7a40161\" data-element_type=\"widget\" data-e-type=\"widget\" data-widget_type=\"ceafeaturebox.default\">\n\t\t\t\t<div class=\"elementor-widget-container feature-box-wrapper feature-box-classic\">\n\t\t\t<a href=\"https:\/\/targetpluss.com\/lv\/our-services\/logistics-services\/express-cargo-delivery\/\"><div class=\"media\"><div class=\"media-body\"><h4 class=\"feature-box-title\">Ekspress kravu pieg\u0101de<\/h4><div class=\"fbox-content\">\u0100tra, priorit\u0101ra pieg\u0101de, kad katra stunda ir svar\u012bga.<\/div><\/div><!-- .media-body --><div class=\"media-icon-part\"><div class=\"cea-featured-icon cea-elementor-animation\"><i aria-hidden=\"true\" class=\"ti ti-arrow-top-right\"><\/i><\/div><\/div><\/div><!-- .media --><\/a><!-- .fbox link close -->\t\t<\/div>\n\t\t\t\t<\/div>\n\t\t\t\t<div class=\"elementor-element elementor-element-2fb0132 cea-view-framed cea-shape-square elementor-widget elementor-widget-ceafeaturebox\" data-id=\"2fb0132\" data-element_type=\"widget\" data-e-type=\"widget\" data-widget_type=\"ceafeaturebox.default\">\n\t\t\t\t<div class=\"elementor-widget-container feature-box-wrapper feature-box-classic\">\n\t\t\t<a href=\"https:\/\/targetpluss.com\/lv\/our-services\/logistics-services\/project-logistics\/\"><div class=\"media\"><div class=\"media-body\"><h4 class=\"feature-box-title\">Projektu lo\u0123istika<\/h4><div class=\"fbox-content\">Specializ\u0113ti p\u0101rvad\u0101jumi lielgabar\u012bta vai sare\u017e\u0123\u012bt\u0101m krav\u0101m.<\/div><\/div><!-- .media-body --><div class=\"media-icon-part\"><div class=\"cea-featured-icon cea-elementor-animation\"><i aria-hidden=\"true\" class=\"ti ti-arrow-top-right\"><\/i><\/div><\/div><\/div><!-- .media --><\/a><!-- .fbox link close -->\t\t<\/div>\n\t\t\t\t<\/div>\n\t\t\t\t\t<\/div>\n\t\t<\/div>\n\t\t\t\t\t<\/div>\n\t\t<\/section>\n\t\t\t\t<section class=\"elementor-section elementor-top-section elementor-element elementor-element-3d82ac4 elementor-section-content-middle elementor-section-full_width elementor-section-height-default elementor-section-height-default text-reveal-no elementor-invisible\" data-id=\"3d82ac4\" data-element_type=\"section\" data-e-type=\"section\" data-settings=\"{&quot;background_background&quot;:&quot;classic&quot;,&quot;animation&quot;:&quot;fadeInUp&quot;}\">\n\t\t\t\t\t\t\t<div class=\"elementor-background-overlay\"><\/div>\n\t\t\t\t\t\t\t<div class=\"elementor-container elementor-column-gap-wide\">\n\t\t\t\t\t<div class=\"elementor-column elementor-col-50 elementor-top-column elementor-element elementor-element-5703fdd\" data-id=\"5703fdd\" data-element_type=\"column\" data-e-type=\"column\">\n\t\t\t<div class=\"elementor-widget-wrap elementor-element-populated\">\n\t\t\t\t\t\t<div class=\"elementor-element elementor-element-ac296d8 elementor-widget elementor-widget-image\" data-id=\"ac296d8\" data-element_type=\"widget\" data-e-type=\"widget\" data-widget_type=\"image.default\">\n\t\t\t\t<div class=\"elementor-widget-container\">\n\t\t\t\t\t\t\t\t\t\t\t\t\t\t\t<img fetchpriority=\"high\" decoding=\"async\" width=\"722\" height=\"478\" src=\"https:\/\/targetpluss.com\/wp-content\/uploads\/2023\/06\/shape-image.png\" class=\"attachment-full size-full wp-image-39499\" alt=\"\" \/>\t\t\t\t\t\t\t\t\t\t\t\t\t\t\t<\/div>\n\t\t\t\t<\/div>\n\t\t\t\t\t<\/div>\n\t\t<\/div>\n\t\t\t\t<div class=\"elementor-column elementor-col-50 elementor-top-column elementor-element elementor-element-087dede\" data-id=\"087dede\" data-element_type=\"column\" data-e-type=\"column\">\n\t\t\t<div class=\"elementor-widget-wrap elementor-element-populated\">\n\t\t\t\t\t\t<div class=\"elementor-element elementor-element-891bf65 theme-separator cea-align-left elementor-invisible elementor-widget elementor-widget-ceasectiontitle\" data-id=\"891bf65\" data-element_type=\"widget\" data-e-type=\"widget\" data-settings=\"{&quot;_animation&quot;:&quot;fadeInUp&quot;}\" data-widget_type=\"ceasectiontitle.default\">\n\t\t\t\t<div class=\"elementor-widget-container\">\n\t\t\t\t\t<div class=\"section-title-wrapper\"><div class=\"title-wrap\"><h3 class=\"section-title none\" data-animation=\"none\">Looking for Reliable Logistics Solutions?<\/h3><\/div><!-- .title-wrap --><div class=\"section-description\"><\/div><!-- .section-description --><\/div><!-- .section-title-wrapper -->\t\t\t\t<\/div>\n\t\t\t\t<\/div>\n\t\t\t\t<div class=\"elementor-element elementor-element-d0c60aa cea-btn-tablet-align-left elementor-invisible elementor-widget elementor-widget-ceabutton\" data-id=\"d0c60aa\" data-element_type=\"widget\" data-e-type=\"widget\" data-settings=\"{&quot;_animation&quot;:&quot;fadeInUp&quot;}\" data-widget_type=\"ceabutton.default\">\n\t\t\t\t<div class=\"elementor-widget-container cea-button-wrapper\">\n\t\t\t\t\t<div class=\"cea-button-wrapper\">\n\t\t\t<a href=\"https:\/\/targetpluss.com\/lv\/contact-us\/\" class=\"cea-button-link elementor-button cea-button elementor-size-sm\">\n\t\t\t\t\t\t<span class=\"cea-button-content-wrapper\">\n\t\t\t\t\t\t<span class=\"cea-button-icon cea-align-icon-\">\n\t\t\t\t\t\t\t<\/span>\n\t\t\t\t\t\t<span class=\"cea-button-text\">Sazin\u0101ties ar mums<\/span>\n\t\t<\/span>\n\t\t\t\t\t<\/a>\n\t\t<\/div>\n\t\t\t\t<\/div>\n\t\t\t\t<\/div>\n\t\t\t\t\t<\/div>\n\t\t<\/div>\n\t\t\t\t\t<\/div>\n\t\t<\/section>\n\t\t\t\t<\/div>","protected":false},"excerpt":{"rendered":"<p>Pasaul\u0113 vado\u0161ais lo\u0123istikas pakalpojumu sniedz\u0113js Target Pluss pied\u0101v\u0101 piel\u0101gotus lo\u0123istikas risin\u0101jumus, kas racionaliz\u0113 j\u016bsu pieg\u0101des \u0137\u0113di no gala l\u012bdz galam. Koncentr\u0113joties uz uzticam\u012bbu, p\u0101rredzam\u012bbu,..<\/p>","protected":false},"author":1,"featured_media":0,"parent":44049,"menu_order":0,"comment_status":"closed","ping_status":"closed","template":"","meta":{"footnotes":""},"class_list":["post-44494","page","type-page","status-publish","hentry"],"_links":{"self":[{"href":"https:\/\/targetpluss.com\/lv\/wp-json\/wp\/v2\/pages\/44494","targetHints":{"allow":["GET"]}}],"collection":[{"href":"https:\/\/targetpluss.com\/lv\/wp-json\/wp\/v2\/pages"}],"about":[{"href":"https:\/\/targetpluss.com\/lv\/wp-json\/wp\/v2\/types\/page"}],"author":[{"embeddable":true,"href":"https:\/\/targetpluss.com\/lv\/wp-json\/wp\/v2\/users\/1"}],"replies":[{"embeddable":true,"href":"https:\/\/targetpluss.com\/lv\/wp-json\/wp\/v2\/comments?post=44494"}],"version-history":[{"count":40,"href":"https:\/\/targetpluss.com\/lv\/wp-json\/wp\/v2\/pages\/44494\/revisions"}],"predecessor-version":[{"id":45357,"href":"https:\/\/targetpluss.com\/lv\/wp-json\/wp\/v2\/pages\/44494\/revisions\/45357"}],"up":[{"embeddable":true,"href":"https:\/\/targetpluss.com\/lv\/wp-json\/wp\/v2\/pages\/44049"}],"wp:attachment":[{"href":"https:\/\/targetpluss.com\/lv\/wp-json\/wp\/v2\/media?parent=44494"}],"curies":[{"name":"wp","href":"https:\/\/api.w.org\/{rel}","templated":true}]}}