{"id":44499,"date":"2025-05-30T11:45:11","date_gmt":"2025-05-30T11:45:11","guid":{"rendered":"https:\/\/targetpluss.com\/?page_id=44499"},"modified":"2025-06-12T11:20:21","modified_gmt":"2025-06-12T11:20:21","slug":"transport-services","status":"publish","type":"page","link":"https:\/\/targetpluss.com\/lv\/our-services\/transport-services\/","title":{"rendered":"Transporta pakalpojumi"},"content":{"rendered":"<div data-elementor-type=\"wp-page\" data-elementor-id=\"44499\" class=\"elementor elementor-44499\" data-elementor-post-type=\"page\">\n\t\t\t\t\t\t<section class=\"elementor-section elementor-top-section elementor-element elementor-element-fa3e798 elementor-section-stretched elementor-section-content-middle elementor-section-boxed elementor-section-height-default elementor-section-height-default text-reveal-no\" data-id=\"fa3e798\" data-element_type=\"section\" data-e-type=\"section\" data-settings=\"{&quot;stretch_section&quot;:&quot;section-stretched&quot;}\">\n\t\t\t\t\t\t<div class=\"elementor-container elementor-column-gap-wide\">\n\t\t\t\t\t<div class=\"elementor-column elementor-col-50 elementor-top-column elementor-element elementor-element-33eaafe\" data-id=\"33eaafe\" data-element_type=\"column\" data-e-type=\"column\">\n\t\t\t<div class=\"elementor-widget-wrap elementor-element-populated\">\n\t\t\t\t\t\t<div class=\"elementor-element elementor-element-86a202a cea-separator-type-normal elementor-invisible elementor-widget elementor-widget-ceasectiontitle\" data-id=\"86a202a\" data-element_type=\"widget\" data-e-type=\"widget\" data-settings=\"{&quot;_animation&quot;:&quot;fadeInUp&quot;}\" data-widget_type=\"ceasectiontitle.default\">\n\t\t\t\t<div class=\"elementor-widget-container\">\n\t\t\t\t\t<div class=\"section-title-wrapper\"><div class=\"title-wrap\"><h2 class=\"section-title none\" data-animation=\"none\">Reliable Road Transport Solutions Across Europe and Asia<\/h2><div class=\"elementor-divider\"><span class=\"elementor-divider-separator\"><\/span><\/div><\/div><!-- .title-wrap --><div class=\"section-description\"><p class=\"section-content\">Target Pluss nodro\u0161ina elast\u012bgus un efekt\u012bvus autotransporta risin\u0101jumus, piel\u0101gotus j\u016bsu kravas vajadz\u012bb\u0101m \u2014 tostarp profesion\u0101lu automobi\u013cu transport\u0113\u0161anu vis\u0101 Eirop\u0101. No viet\u0113jiem pieg\u0101des mar\u0161rutiem l\u012bdz starptautiskajiem p\u0101rvad\u0101jumiem \u2014 m\u0113s garant\u0113jam, ka katra krava tiek pieg\u0101d\u0101ta dro\u0161i un laik\u0101.<\/p><\/div><!-- .section-description --><\/div><!-- .section-title-wrapper -->\t\t\t\t<\/div>\n\t\t\t\t<\/div>\n\t\t\t\t\t<\/div>\n\t\t<\/div>\n\t\t\t\t<div class=\"elementor-column elementor-col-50 elementor-top-column elementor-element elementor-element-eb14d90\" data-id=\"eb14d90\" data-element_type=\"column\" data-e-type=\"column\">\n\t\t\t<div class=\"elementor-widget-wrap elementor-element-populated\">\n\t\t\t\t\t\t<div class=\"elementor-element elementor-element-203b052 cea-view-framed cea-shape-square elementor-widget elementor-widget-ceafeaturebox\" data-id=\"203b052\" data-element_type=\"widget\" data-e-type=\"widget\" data-widget_type=\"ceafeaturebox.default\">\n\t\t\t\t<div class=\"elementor-widget-container feature-box-wrapper feature-box-classic\">\n\t\t\t<a href=\"https:\/\/targetpluss.com\/lv\/our-services\/transport-services\/international-cargo-transportation\/\"><div class=\"media\"><div class=\"media-body\"><h4 class=\"feature-box-title\">Starptautiskie kravu p\u0101rvad\u0101jumi<\/h4><div class=\"fbox-content\">Glob\u0101li pieg\u0101des risin\u0101jumi, kas piel\u0101goti j\u016bsu kravu p\u0101rvad\u0101jumu vajadz\u012bb\u0101m.<\/div><\/div><!-- .media-body --><div class=\"media-icon-part\"><div class=\"cea-featured-icon cea-elementor-animation\"><i aria-hidden=\"true\" class=\"ti ti-arrow-top-right\"><\/i><\/div><\/div><\/div><!-- .media --><\/a><!-- .fbox link close -->\t\t<\/div>\n\t\t\t\t<\/div>\n\t\t\t\t<div class=\"elementor-element elementor-element-e7ca4ea cea-view-framed cea-shape-square elementor-widget elementor-widget-ceafeaturebox\" data-id=\"e7ca4ea\" data-element_type=\"widget\" data-e-type=\"widget\" data-widget_type=\"ceafeaturebox.default\">\n\t\t\t\t<div class=\"elementor-widget-container feature-box-wrapper feature-box-classic\">\n\t\t\t<a href=\"https:\/\/targetpluss.com\/lv\/our-services\/transport-services\/car-transportation\/\"><div class=\"media\"><div class=\"media-body\"><h4 class=\"feature-box-title\">Automa\u0161\u012bnu p\u0101rvad\u0101jumi<\/h4><div class=\"fbox-content\">Uzticama transportl\u012bdzek\u013cu pieg\u0101de vis\u0101 Eirop\u0101<\/div><\/div><!-- .media-body --><div class=\"media-icon-part\"><div class=\"cea-featured-icon cea-elementor-animation\"><i aria-hidden=\"true\" class=\"ti ti-arrow-top-right\"><\/i><\/div><\/div><\/div><!-- .media --><\/a><!-- .fbox link close -->\t\t<\/div>\n\t\t\t\t<\/div>\n\t\t\t\t\t<\/div>\n\t\t<\/div>\n\t\t\t\t\t<\/div>\n\t\t<\/section>\n\t\t\t\t<section class=\"elementor-section elementor-top-section elementor-element elementor-element-a3ac0a3 elementor-section-content-middle elementor-section-full_width elementor-section-height-default elementor-section-height-default text-reveal-no elementor-invisible\" data-id=\"a3ac0a3\" data-element_type=\"section\" data-e-type=\"section\" data-settings=\"{&quot;background_background&quot;:&quot;classic&quot;,&quot;animation&quot;:&quot;fadeInUp&quot;}\">\n\t\t\t\t\t\t\t<div class=\"elementor-background-overlay\"><\/div>\n\t\t\t\t\t\t\t<div class=\"elementor-container elementor-column-gap-wide\">\n\t\t\t\t\t<div class=\"elementor-column elementor-col-50 elementor-top-column elementor-element elementor-element-5fae3a3\" data-id=\"5fae3a3\" data-element_type=\"column\" data-e-type=\"column\">\n\t\t\t<div class=\"elementor-widget-wrap elementor-element-populated\">\n\t\t\t\t\t\t<div class=\"elementor-element elementor-element-0ab091e elementor-widget elementor-widget-image\" data-id=\"0ab091e\" data-element_type=\"widget\" data-e-type=\"widget\" data-widget_type=\"image.default\">\n\t\t\t\t<div class=\"elementor-widget-container\">\n\t\t\t\t\t\t\t\t\t\t\t\t\t\t\t<img fetchpriority=\"high\" decoding=\"async\" width=\"722\" height=\"478\" src=\"https:\/\/targetpluss.com\/wp-content\/uploads\/2023\/06\/shape-image.png\" class=\"attachment-full size-full wp-image-39499\" alt=\"\" \/>\t\t\t\t\t\t\t\t\t\t\t\t\t\t\t<\/div>\n\t\t\t\t<\/div>\n\t\t\t\t\t<\/div>\n\t\t<\/div>\n\t\t\t\t<div class=\"elementor-column elementor-col-50 elementor-top-column elementor-element elementor-element-04bc3ea\" data-id=\"04bc3ea\" data-element_type=\"column\" data-e-type=\"column\">\n\t\t\t<div class=\"elementor-widget-wrap elementor-element-populated\">\n\t\t\t\t\t\t<div class=\"elementor-element elementor-element-ee7eddc theme-separator cea-align-left elementor-invisible elementor-widget elementor-widget-ceasectiontitle\" data-id=\"ee7eddc\" data-element_type=\"widget\" data-e-type=\"widget\" data-settings=\"{&quot;_animation&quot;:&quot;fadeInUp&quot;}\" data-widget_type=\"ceasectiontitle.default\">\n\t\t\t\t<div class=\"elementor-widget-container\">\n\t\t\t\t\t<div class=\"section-title-wrapper\"><div class=\"title-wrap\"><h3 class=\"section-title none\" data-animation=\"none\">Need help with vehicle or cargo transport?<\/h3><\/div><!-- .title-wrap --><div class=\"section-description\"><\/div><!-- .section-description --><\/div><!-- .section-title-wrapper -->\t\t\t\t<\/div>\n\t\t\t\t<\/div>\n\t\t\t\t<div class=\"elementor-element elementor-element-3e3cc9a cea-btn-tablet-align-left elementor-invisible elementor-widget elementor-widget-ceabutton\" data-id=\"3e3cc9a\" data-element_type=\"widget\" data-e-type=\"widget\" data-settings=\"{&quot;_animation&quot;:&quot;fadeInUp&quot;}\" data-widget_type=\"ceabutton.default\">\n\t\t\t\t<div class=\"elementor-widget-container cea-button-wrapper\">\n\t\t\t\t\t<div class=\"cea-button-wrapper\">\n\t\t\t<a href=\"https:\/\/targetpluss.com\/lv\/contact-us\/\" class=\"cea-button-link elementor-button cea-button elementor-size-sm\">\n\t\t\t\t\t\t<span class=\"cea-button-content-wrapper\">\n\t\t\t\t\t\t<span class=\"cea-button-icon cea-align-icon-\">\n\t\t\t\t\t\t\t<\/span>\n\t\t\t\t\t\t<span class=\"cea-button-text\">Sazin\u0101ties ar mums<\/span>\n\t\t<\/span>\n\t\t\t\t\t<\/a>\n\t\t<\/div>\n\t\t\t\t<\/div>\n\t\t\t\t<\/div>\n\t\t\t\t\t<\/div>\n\t\t<\/div>\n\t\t\t\t\t<\/div>\n\t\t<\/section>\n\t\t\t\t<\/div>","protected":false},"excerpt":{"rendered":"<p>Uzticami autotransporta risin\u0101jumi vis\u0101 Eirop\u0101 un \u0100zij\u0101 Target Pluss pied\u0101v\u0101 elast\u012bgus un efekt\u012bvus autotransporta risin\u0101jumus, kas piel\u0101goti j\u016bsu kravu vajadz\u012bb\u0101m, tostarp profesion\u0101lu automa\u0161\u012bnu p\u0101rvad\u0101\u0161anu vis\u0101 Eirop\u0101 un \u0100zij\u0101..<\/p>","protected":false},"author":1,"featured_media":0,"parent":44049,"menu_order":0,"comment_status":"closed","ping_status":"closed","template":"","meta":{"footnotes":""},"class_list":["post-44499","page","type-page","status-publish","hentry"],"_links":{"self":[{"href":"https:\/\/targetpluss.com\/lv\/wp-json\/wp\/v2\/pages\/44499","targetHints":{"allow":["GET"]}}],"collection":[{"href":"https:\/\/targetpluss.com\/lv\/wp-json\/wp\/v2\/pages"}],"about":[{"href":"https:\/\/targetpluss.com\/lv\/wp-json\/wp\/v2\/types\/page"}],"author":[{"embeddable":true,"href":"https:\/\/targetpluss.com\/lv\/wp-json\/wp\/v2\/users\/1"}],"replies":[{"embeddable":true,"href":"https:\/\/targetpluss.com\/lv\/wp-json\/wp\/v2\/comments?post=44499"}],"version-history":[{"count":31,"href":"https:\/\/targetpluss.com\/lv\/wp-json\/wp\/v2\/pages\/44499\/revisions"}],"predecessor-version":[{"id":45546,"href":"https:\/\/targetpluss.com\/lv\/wp-json\/wp\/v2\/pages\/44499\/revisions\/45546"}],"up":[{"embeddable":true,"href":"https:\/\/targetpluss.com\/lv\/wp-json\/wp\/v2\/pages\/44049"}],"wp:attachment":[{"href":"https:\/\/targetpluss.com\/lv\/wp-json\/wp\/v2\/media?parent=44499"}],"curies":[{"name":"wp","href":"https:\/\/api.w.org\/{rel}","templated":true}]}}