{"id":44749,"date":"2025-06-03T11:27:25","date_gmt":"2025-06-03T11:27:25","guid":{"rendered":"https:\/\/targetpluss.com\/?page_id=44749"},"modified":"2025-06-06T11:13:53","modified_gmt":"2025-06-06T11:13:53","slug":"group-cargo-transportation","status":"publish","type":"page","link":"https:\/\/targetpluss.com\/lv\/our-services\/logistics-services\/group-cargo-transportation\/","title":{"rendered":"Grupu kravu p\u0101rvad\u0101jumi"},"content":{"rendered":"<div data-elementor-type=\"wp-page\" data-elementor-id=\"44749\" class=\"elementor elementor-44749\" data-elementor-post-type=\"page\">\n\t\t\t\t<div class=\"elementor-element elementor-element-77f020e e-flex e-con-boxed text-reveal-no e-con e-parent\" data-id=\"77f020e\" data-element_type=\"container\" data-e-type=\"container\">\n\t\t\t\t\t<div class=\"e-con-inner\">\n\t\t\t\t<div class=\"elementor-element elementor-element-46148ff cea-align-left cea-separator-type-normal elementor-invisible elementor-widget elementor-widget-ceasectiontitle\" data-id=\"46148ff\" data-element_type=\"widget\" data-e-type=\"widget\" data-settings=\"{&quot;_animation&quot;:&quot;fadeInUp&quot;}\" data-widget_type=\"ceasectiontitle.default\">\n\t\t\t\t<div class=\"elementor-widget-container\">\n\t\t\t\t\t<div class=\"section-title-wrapper\"><div class=\"title-wrap\"><h2 class=\"section-title none\" data-animation=\"none\">Viedie autotransporta p\u0101rvad\u0101jumi ar autotransportu<\/h2><div class=\"elementor-divider\"><span class=\"elementor-divider-separator\"><\/span><\/div><\/div><!-- .title-wrap --><div class=\"section-description\"><\/div><!-- .section-description --><\/div><!-- .section-title-wrapper -->\t\t\t\t<\/div>\n\t\t\t\t<\/div>\n\t\t\t\t\t<\/div>\n\t\t\t\t<\/div>\n\t\t<div class=\"elementor-element elementor-element-694d37d e-flex e-con-boxed text-reveal-no e-con e-parent\" data-id=\"694d37d\" data-element_type=\"container\" data-e-type=\"container\">\n\t\t\t\t\t<div class=\"e-con-inner\">\n\t\t\t\t<div class=\"elementor-element elementor-element-a371f3c elementor-hidden-desktop elementor-widget elementor-widget-image\" data-id=\"a371f3c\" data-element_type=\"widget\" data-e-type=\"widget\" data-widget_type=\"image.default\">\n\t\t\t\t<div class=\"elementor-widget-container\">\n\t\t\t\t\t\t\t\t\t\t\t\t\t\t\t<img decoding=\"async\" src=\"https:\/\/targetpluss.com\/wp-content\/uploads\/elementor\/thumbs\/group-cargo-delivery-in-the-city-r6ulks1rz9rpsg92wt2ci048p8w3si46ek5xd5kmmg.png\" title=\"grupa-kravu pieg\u0101de pils\u0113t\u0101\" alt=\"group-cargo-delivery-in-the-city\" loading=\"lazy\" \/>\t\t\t\t\t\t\t\t\t\t\t\t\t\t\t<\/div>\n\t\t\t\t<\/div>\n\t\t\t\t\t<\/div>\n\t\t\t\t<\/div>\n\t\t<div class=\"elementor-element elementor-element-d13ba44 e-flex e-con-boxed text-reveal-no e-con e-parent\" data-id=\"d13ba44\" data-element_type=\"container\" data-e-type=\"container\">\n\t\t\t\t\t<div class=\"e-con-inner\">\n\t\t\t\t<div class=\"elementor-element elementor-element-42221b9 elementor-widget-tablet__width-inherit elementor-hidden-desktop elementor-widget elementor-widget-text-editor\" data-id=\"42221b9\" data-element_type=\"widget\" data-e-type=\"widget\" data-widget_type=\"text-editor.default\">\n\t\t\t\t<div class=\"elementor-widget-container\">\n\t\t\t\t\t\t\t\t\t<p data-start=\"161\" data-end=\"523\" class=\"translation-block\"><strong data-start=\"164\" data-end=\"180\">Target Pluss<\/strong> pied\u0101v\u0101 uzticamus <strong data-start=\"204\" data-end=\"236\">grupu p\u0101rvad\u0101jumu risin\u0101jumus<\/strong> - ide\u0101li piem\u0113roti uz\u0146\u0113mumiem un priv\u0101tperson\u0101m, kam nepiecie\u0161ams nos\u016bt\u012bt <strong data-start=\"292\" data-end=\"309\">maz\u0101kas kravas<\/strong> bez pilnas kravas automa\u0161\u012bnas rezerv\u0101cijas. J\u016bsu krava tiek <strong data-start=\"354\" data-end=\"370\">konsolid\u0113ta<\/strong> ar cit\u0101m sader\u012bg\u0101m krav\u0101m, pamatojoties uz <strong data-start=\"412\" data-end=\"442\">galam\u0113r\u0137i un kravas veidu<\/strong>, nodro\u0161inot efekt\u012bvu un ekonomisku pieg\u0101di vis\u0101 m\u016bsu <strong data-start=\"498\" data-end=\"522\">kravu autop\u0101rvad\u0101jumu t\u012bkl\u0101<\/strong>.<\/p><p data-start=\"525\" data-end=\"854\" class=\"translation-block\"><strong>Salikto kravu p\u0101rvad\u0101jumi<\/strong> ir <strong>izdev\u012bga alternat\u012bva<\/strong> pilnas kravas transportam \u2013 \u012bpa\u0161i piem\u0113rota <strong>da\u013c\u0113j\u0101m krav\u0101m<\/strong> vai <strong>neregul\u0101r\u0101m pieg\u0101d\u0113m<\/strong> Baltijas valst\u012bs, vis\u0101 Eirop\u0101 un ar\u012b uz svar\u012bgiem \u0100zijas tirgiem. J\u016bs maks\u0101jat tikai par <strong>vietu, ko aiz\u0146em j\u016bsu preces<\/strong>, padarot to par <strong>gudru izv\u0113li<\/strong> <strong>maz\u0101kiem s\u016bt\u012bjumiem<\/strong> un <strong>elast\u012bg\u0101m pieg\u0101des vajadz\u012bb\u0101m<\/strong>.<\/p><p data-start=\"856\" data-end=\"1169\" data-is-last-node=\"\" data-is-only-node=\"\" class=\"translation-block\"><strong>No iekrau\u0161anas l\u012bdz gal\u012bgajai pieg\u0101dei<\/strong> m\u016bsu pieredz\u0113jus\u012b lo\u0123istikas komanda r\u016bp\u012bgi p\u0101rvalda katru soli, nodro\u0161inot <strong>dro\u0161u kravas apstr\u0101di<\/strong>, <strong>optimiz\u0113tus mar\u0161rutus<\/strong> un <strong>savlaic\u012bgas pieg\u0101des<\/strong>. M\u0113s esam ap\u0146\u0113mu\u0161ies nodro\u0161in\u0101t vienk\u0101r\u0161u un caursp\u012bd\u012bgu salikto kravu p\u0101rvad\u0101jumu procesu ar person\u012bgu atbalstu ik uz so\u013ca.<\/p>\t\t\t\t\t\t\t\t<\/div>\n\t\t\t\t<\/div>\n\t\t\t\t\t<\/div>\n\t\t\t\t<\/div>\n\t\t<div class=\"elementor-element elementor-element-7e7bd07 elementor-hidden-tablet elementor-hidden-mobile e-flex e-con-boxed text-reveal-no e-con e-parent\" data-id=\"7e7bd07\" data-element_type=\"container\" data-e-type=\"container\">\n\t\t\t\t\t<div class=\"e-con-inner\">\n\t\t<div class=\"elementor-element elementor-element-4ca7b71 e-con-full e-flex text-reveal-no e-con e-child\" data-id=\"4ca7b71\" data-element_type=\"container\" data-e-type=\"container\">\n\t\t\t\t<div class=\"elementor-element elementor-element-3fa24e1 elementor-widget-tablet__width-inherit elementor-widget elementor-widget-text-editor\" data-id=\"3fa24e1\" data-element_type=\"widget\" data-e-type=\"widget\" data-widget_type=\"text-editor.default\">\n\t\t\t\t<div class=\"elementor-widget-container\">\n\t\t\t\t\t\t\t\t\t<p data-start=\"161\" data-end=\"523\" class=\"translation-block\"><strong data-start=\"164\" data-end=\"180\">Target Pluss<\/strong> pied\u0101v\u0101 uzticamus <strong data-start=\"204\" data-end=\"236\">grupu p\u0101rvad\u0101jumu risin\u0101jumus<\/strong> - ide\u0101li piem\u0113roti uz\u0146\u0113mumiem un priv\u0101tperson\u0101m, kam nepiecie\u0161ams nos\u016bt\u012bt <strong data-start=\"292\" data-end=\"309\">maz\u0101kas kravas<\/strong> bez pilnas kravas automa\u0161\u012bnas rezerv\u0101cijas. J\u016bsu krava tiek <strong data-start=\"354\" data-end=\"370\">konsolid\u0113ta<\/strong> ar cit\u0101m sader\u012bg\u0101m krav\u0101m, pamatojoties uz <strong data-start=\"412\" data-end=\"442\">galam\u0113r\u0137i un kravas veidu<\/strong>, nodro\u0161inot efekt\u012bvu un ekonomisku pieg\u0101di vis\u0101 m\u016bsu <strong data-start=\"498\" data-end=\"522\">kravu autop\u0101rvad\u0101jumu t\u012bkl\u0101<\/strong>.<\/p><p data-start=\"525\" data-end=\"854\" class=\"translation-block\"><strong>Salikto kravu p\u0101rvad\u0101jumi<\/strong> ir <strong>izdev\u012bga alternat\u012bva<\/strong> pilnas kravas transportam \u2013 \u012bpa\u0161i piem\u0113rota <strong>da\u013c\u0113j\u0101m krav\u0101m<\/strong> vai <strong>neregul\u0101r\u0101m pieg\u0101d\u0113m<\/strong> Baltijas valst\u012bs, vis\u0101 Eirop\u0101 un ar\u012b uz svar\u012bgiem \u0100zijas tirgiem. J\u016bs maks\u0101jat tikai par <strong>vietu, ko aiz\u0146em j\u016bsu preces<\/strong>, padarot to par <strong>gudru izv\u0113li<\/strong> <strong>maz\u0101kiem s\u016bt\u012bjumiem<\/strong> un <strong>elast\u012bg\u0101m pieg\u0101des vajadz\u012bb\u0101m<\/strong>.<\/p><p data-start=\"856\" data-end=\"1169\" data-is-last-node=\"\" data-is-only-node=\"\" class=\"translation-block\"><strong>No iekrau\u0161anas l\u012bdz gal\u012bgajai pieg\u0101dei<\/strong> m\u016bsu pieredz\u0113jus\u012b lo\u0123istikas komanda r\u016bp\u012bgi p\u0101rvalda katru soli, nodro\u0161inot <strong>dro\u0161u kravas apstr\u0101di<\/strong>, <strong>optimiz\u0113tus mar\u0161rutus<\/strong> un <strong>savlaic\u012bgas pieg\u0101des<\/strong>. M\u0113s esam ap\u0146\u0113mu\u0161ies nodro\u0161in\u0101t vienk\u0101r\u0161u un caursp\u012bd\u012bgu salikto kravu p\u0101rvad\u0101jumu procesu ar person\u012bgu atbalstu ik uz so\u013ca.<\/p>\t\t\t\t\t\t\t\t<\/div>\n\t\t\t\t<\/div>\n\t\t\t\t<\/div>\n\t\t\t\t<div class=\"elementor-element elementor-element-a3ff36d elementor-widget elementor-widget-image\" data-id=\"a3ff36d\" data-element_type=\"widget\" data-e-type=\"widget\" data-widget_type=\"image.default\">\n\t\t\t\t<div class=\"elementor-widget-container\">\n\t\t\t\t\t\t\t\t\t\t\t\t\t\t\t<img decoding=\"async\" src=\"https:\/\/targetpluss.com\/wp-content\/uploads\/elementor\/thumbs\/group-cargo-delivery-in-the-city-r6ulks245tmwzb5udsd4kkvuay3zuab01j1yt9awug.png\" title=\"grupa-kravu pieg\u0101de pils\u0113t\u0101\" alt=\"group-cargo-delivery-in-the-city\" loading=\"lazy\" \/>\t\t\t\t\t\t\t\t\t\t\t\t\t\t\t<\/div>\n\t\t\t\t<\/div>\n\t\t\t\t\t<\/div>\n\t\t\t\t<\/div>\n\t\t\t\t<section class=\"elementor-section elementor-top-section elementor-element elementor-element-af03e40 elementor-section-content-middle elementor-section-full_width elementor-section-height-default elementor-section-height-default text-reveal-no elementor-invisible\" data-id=\"af03e40\" data-element_type=\"section\" data-e-type=\"section\" data-settings=\"{&quot;background_background&quot;:&quot;classic&quot;,&quot;animation&quot;:&quot;fadeInUp&quot;}\">\n\t\t\t\t\t\t\t<div class=\"elementor-background-overlay\"><\/div>\n\t\t\t\t\t\t\t<div class=\"elementor-container elementor-column-gap-wide\">\n\t\t\t\t\t<div class=\"elementor-column elementor-col-50 elementor-top-column elementor-element elementor-element-c0b056d\" data-id=\"c0b056d\" data-element_type=\"column\" data-e-type=\"column\">\n\t\t\t<div class=\"elementor-widget-wrap elementor-element-populated\">\n\t\t\t\t\t\t<div class=\"elementor-element elementor-element-ec36270 elementor-widget elementor-widget-image\" data-id=\"ec36270\" data-element_type=\"widget\" data-e-type=\"widget\" data-widget_type=\"image.default\">\n\t\t\t\t<div class=\"elementor-widget-container\">\n\t\t\t\t\t\t\t\t\t\t\t\t\t\t\t<img fetchpriority=\"high\" decoding=\"async\" width=\"722\" height=\"478\" src=\"https:\/\/targetpluss.com\/wp-content\/uploads\/2023\/06\/shape-image.png\" class=\"attachment-full size-full wp-image-39499\" alt=\"\" \/>\t\t\t\t\t\t\t\t\t\t\t\t\t\t\t<\/div>\n\t\t\t\t<\/div>\n\t\t\t\t\t<\/div>\n\t\t<\/div>\n\t\t\t\t<div class=\"elementor-column elementor-col-50 elementor-top-column elementor-element elementor-element-b146493\" data-id=\"b146493\" data-element_type=\"column\" data-e-type=\"column\">\n\t\t\t<div class=\"elementor-widget-wrap elementor-element-populated\">\n\t\t\t\t\t\t<div class=\"elementor-element elementor-element-d7856f1 theme-separator cea-align-left elementor-invisible elementor-widget elementor-widget-ceasectiontitle\" data-id=\"d7856f1\" data-element_type=\"widget\" data-e-type=\"widget\" data-settings=\"{&quot;_animation&quot;:&quot;fadeInUp&quot;}\" data-widget_type=\"ceasectiontitle.default\">\n\t\t\t\t<div class=\"elementor-widget-container\">\n\t\t\t\t\t<div class=\"section-title-wrapper\"><div class=\"title-wrap\"><h3 class=\"section-title none\" data-animation=\"none\">Vai mekl\u0113jat rentablu pieg\u0101di?<\/h3><\/div><!-- .title-wrap --><div class=\"section-description\"><\/div><!-- .section-description --><\/div><!-- .section-title-wrapper -->\t\t\t\t<\/div>\n\t\t\t\t<\/div>\n\t\t\t\t<div class=\"elementor-element elementor-element-fb9fa73 cea-btn-tablet-align-left elementor-invisible elementor-widget elementor-widget-ceabutton\" data-id=\"fb9fa73\" data-element_type=\"widget\" data-e-type=\"widget\" data-settings=\"{&quot;_animation&quot;:&quot;fadeInUp&quot;}\" data-widget_type=\"ceabutton.default\">\n\t\t\t\t<div class=\"elementor-widget-container cea-button-wrapper\">\n\t\t\t\t\t<div class=\"cea-button-wrapper\">\n\t\t\t<a href=\"https:\/\/targetpluss.com\/lv\/contact-us\/\" class=\"cea-button-link elementor-button cea-button elementor-size-sm\">\n\t\t\t\t\t\t<span class=\"cea-button-content-wrapper\">\n\t\t\t\t\t\t<span class=\"cea-button-icon cea-align-icon-\">\n\t\t\t\t\t\t\t<\/span>\n\t\t\t\t\t\t<span class=\"cea-button-text\">Sazin\u0101ties ar mums<\/span>\n\t\t<\/span>\n\t\t\t\t\t<\/a>\n\t\t<\/div>\n\t\t\t\t<\/div>\n\t\t\t\t<\/div>\n\t\t\t\t\t<\/div>\n\t\t<\/div>\n\t\t\t\t\t<\/div>\n\t\t<\/section>\n\t\t\t\t<\/div>","protected":false},"excerpt":{"rendered":"<p>Gudri grup\u0113\u0161anas p\u0101rvad\u0101jumi pa autoce\u013ciem Uz\u0146\u0113mum\u0101 Target Pluss m\u0113s pied\u0101v\u0101jam uzticamus grup\u0113\u0161anas p\u0101rvad\u0101jumu risin\u0101jumus - ide\u0101li piem\u0113roti uz\u0146\u0113mumiem un priv\u0101tperson\u0101m, kas v\u0113las p\u0101rvad\u0101t maz\u0101kas kravas, neveicot pilnu..<\/p>","protected":false},"author":1,"featured_media":0,"parent":44494,"menu_order":0,"comment_status":"closed","ping_status":"closed","template":"","meta":{"footnotes":""},"class_list":["post-44749","page","type-page","status-publish","hentry"],"_links":{"self":[{"href":"https:\/\/targetpluss.com\/lv\/wp-json\/wp\/v2\/pages\/44749","targetHints":{"allow":["GET"]}}],"collection":[{"href":"https:\/\/targetpluss.com\/lv\/wp-json\/wp\/v2\/pages"}],"about":[{"href":"https:\/\/targetpluss.com\/lv\/wp-json\/wp\/v2\/types\/page"}],"author":[{"embeddable":true,"href":"https:\/\/targetpluss.com\/lv\/wp-json\/wp\/v2\/users\/1"}],"replies":[{"embeddable":true,"href":"https:\/\/targetpluss.com\/lv\/wp-json\/wp\/v2\/comments?post=44749"}],"version-history":[{"count":71,"href":"https:\/\/targetpluss.com\/lv\/wp-json\/wp\/v2\/pages\/44749\/revisions"}],"predecessor-version":[{"id":45373,"href":"https:\/\/targetpluss.com\/lv\/wp-json\/wp\/v2\/pages\/44749\/revisions\/45373"}],"up":[{"embeddable":true,"href":"https:\/\/targetpluss.com\/lv\/wp-json\/wp\/v2\/pages\/44494"}],"wp:attachment":[{"href":"https:\/\/targetpluss.com\/lv\/wp-json\/wp\/v2\/media?parent=44749"}],"curies":[{"name":"wp","href":"https:\/\/api.w.org\/{rel}","templated":true}]}}