{"id":44752,"date":"2025-06-03T11:29:14","date_gmt":"2025-06-03T11:29:14","guid":{"rendered":"https:\/\/targetpluss.com\/?page_id=44752"},"modified":"2025-06-06T11:18:05","modified_gmt":"2025-06-06T11:18:05","slug":"express-cargo-delivery","status":"publish","type":"page","link":"https:\/\/targetpluss.com\/lv\/our-services\/logistics-services\/express-cargo-delivery\/","title":{"rendered":"Ekspress kravu pieg\u0101de"},"content":{"rendered":"<div data-elementor-type=\"wp-page\" data-elementor-id=\"44752\" class=\"elementor elementor-44752\" data-elementor-post-type=\"page\">\n\t\t\t\t<div class=\"elementor-element elementor-element-b39dcd8 e-flex e-con-boxed text-reveal-no e-con e-parent\" data-id=\"b39dcd8\" data-element_type=\"container\" data-e-type=\"container\">\n\t\t\t\t\t<div class=\"e-con-inner\">\n\t\t\t\t<div class=\"elementor-element elementor-element-ec4e676 cea-align-left cea-separator-type-normal elementor-invisible elementor-widget elementor-widget-ceasectiontitle\" data-id=\"ec4e676\" data-element_type=\"widget\" data-e-type=\"widget\" data-settings=\"{&quot;_animation&quot;:&quot;fadeInUp&quot;}\" data-widget_type=\"ceasectiontitle.default\">\n\t\t\t\t<div class=\"elementor-widget-container\">\n\t\t\t\t\t<div class=\"section-title-wrapper\"><div class=\"title-wrap\"><h2 class=\"section-title none\" data-animation=\"none\">Fast & Reliable Express Cargo Delivery\u200b<\/h2><div class=\"elementor-divider\"><span class=\"elementor-divider-separator\"><\/span><\/div><\/div><!-- .title-wrap --><div class=\"section-description\"><\/div><!-- .section-description --><\/div><!-- .section-title-wrapper -->\t\t\t\t<\/div>\n\t\t\t\t<\/div>\n\t\t\t\t\t<\/div>\n\t\t\t\t<\/div>\n\t\t<div class=\"elementor-element elementor-element-3509c1b e-flex e-con-boxed text-reveal-no e-con e-parent\" data-id=\"3509c1b\" data-element_type=\"container\" data-e-type=\"container\">\n\t\t\t\t\t<div class=\"e-con-inner\">\n\t\t\t\t<div class=\"elementor-element elementor-element-ab981fc elementor-hidden-desktop elementor-widget elementor-widget-image\" data-id=\"ab981fc\" data-element_type=\"widget\" data-e-type=\"widget\" data-widget_type=\"image.default\">\n\t\t\t\t<div class=\"elementor-widget-container\">\n\t\t\t\t\t\t\t\t\t\t\t\t\t\t\t<img decoding=\"async\" src=\"https:\/\/targetpluss.com\/wp-content\/uploads\/elementor\/thumbs\/express-cargo-delivery-1-e1749104046146-r6uk1po8v7i3x0twvb8b4n8afdqwg6811h2k37t5e0.png\" title=\"ekspress-kravu pieg\u0101de\" alt=\"express-cargo-delivery\" loading=\"lazy\" \/>\t\t\t\t\t\t\t\t\t\t\t\t\t\t\t<\/div>\n\t\t\t\t<\/div>\n\t\t\t\t\t<\/div>\n\t\t\t\t<\/div>\n\t\t<div class=\"elementor-element elementor-element-99c84c3 elementor-hidden-desktop e-flex e-con-boxed text-reveal-no e-con e-parent\" data-id=\"99c84c3\" data-element_type=\"container\" data-e-type=\"container\">\n\t\t\t\t\t<div class=\"e-con-inner\">\n\t\t\t\t<div class=\"elementor-element elementor-element-8a179af elementor-widget-tablet__width-inherit elementor-widget-mobile__width-inherit elementor-widget elementor-widget-text-editor\" data-id=\"8a179af\" data-element_type=\"widget\" data-e-type=\"widget\" data-widget_type=\"text-editor.default\">\n\t\t\t\t<div class=\"elementor-widget-container\">\n\t\t\t\t\t\t\t\t\t<p data-start=\"102\" data-end=\"512\" class=\"translation-block\">M\u0113s specializ\u0113jamies <strong>\u0101tr\u0101 un efekt\u012bv\u0101 ekspress kravu pieg\u0101d\u0113<\/strong> vis\u0101 <strong>Eirop\u0101, \u0100zij\u0101 un \u0101rpus t\u0101s<\/strong>. M\u016bsu pieredz\u0113ju\u0161ie lo\u0123istikas konsultanti sniedz <strong>bezmaksas konsult\u0101cijas<\/strong>, lai pal\u012bdz\u0113tu izv\u0113l\u0113ties vispiem\u0113rot\u0101ko risin\u0101jumu j\u016bsu <strong>steidzam\u0101s pieg\u0101des vajadz\u012bb\u0101m<\/strong>. Neatkar\u012bgi no t\u0101, vai esat <strong>uz\u0146\u0113mums vai priv\u0101ts klients<\/strong>, m\u0113s nodro\u0161in\u0101m, ka j\u016bsu krava tiek <strong>\u0101tri un dro\u0161i pa\u0146emta un pieg\u0101d\u0101ta<\/strong>.<\/p><p data-start=\"514\" data-end=\"826\" data-is-last-node=\"\" data-is-only-node=\"\" class=\"translation-block\">M\u0113s p\u0101rvald\u0101m <strong>pilnu lo\u0123istikas ciklu<\/strong> \u2014 s\u0101kot no <strong>mar\u0161ruta pl\u0101no\u0161anas<\/strong>, <strong>dokument\u0101cijas<\/strong> un <strong>at\u013cauj\u0101m<\/strong> l\u012bdz profesion\u0101lai <strong>iekrau\u0161anai un izkrau\u0161anai<\/strong>. Ar <strong>elast\u012bgu, klientam piel\u0101gotu pieeju<\/strong> m\u016bsu komanda nodro\u0161ina, ka j\u016bsu ekspress krava sasniedz galam\u0113r\u0137i <strong>laik\u0101 \u2014 katru reizi<\/strong>, lai j\u016bs var\u0113tu koncentr\u0113ties uz svar\u012bg\u0101ko.<\/p>\t\t\t\t\t\t\t\t<\/div>\n\t\t\t\t<\/div>\n\t\t\t\t\t<\/div>\n\t\t\t\t<\/div>\n\t\t<div class=\"elementor-element elementor-element-c51615f elementor-hidden-tablet elementor-hidden-mobile e-flex e-con-boxed text-reveal-no e-con e-parent\" data-id=\"c51615f\" data-element_type=\"container\" data-e-type=\"container\">\n\t\t\t\t\t<div class=\"e-con-inner\">\n\t\t<div class=\"elementor-element elementor-element-c2668a3 e-con-full e-flex text-reveal-no e-con e-child\" data-id=\"c2668a3\" data-element_type=\"container\" data-e-type=\"container\">\n\t\t\t\t<div class=\"elementor-element elementor-element-4f995c9 elementor-widget-tablet__width-inherit elementor-widget-mobile__width-inherit elementor-widget elementor-widget-text-editor\" data-id=\"4f995c9\" data-element_type=\"widget\" data-e-type=\"widget\" data-widget_type=\"text-editor.default\">\n\t\t\t\t<div class=\"elementor-widget-container\">\n\t\t\t\t\t\t\t\t\t<p data-start=\"102\" data-end=\"512\" class=\"translation-block\">M\u0113s specializ\u0113jamies <strong>\u0101tr\u0101 un efekt\u012bv\u0101 ekspress kravu pieg\u0101d\u0113<\/strong> vis\u0101 <strong>Eirop\u0101, \u0100zij\u0101 un \u0101rpus t\u0101s<\/strong>. M\u016bsu pieredz\u0113ju\u0161ie lo\u0123istikas konsultanti sniedz <strong>bezmaksas konsult\u0101cijas<\/strong>, lai pal\u012bdz\u0113tu izv\u0113l\u0113ties vispiem\u0113rot\u0101ko risin\u0101jumu j\u016bsu <strong>steidzam\u0101s pieg\u0101des vajadz\u012bb\u0101m<\/strong>. Neatkar\u012bgi no t\u0101, vai esat <strong>uz\u0146\u0113mums vai priv\u0101ts klients<\/strong>, m\u0113s nodro\u0161in\u0101m, ka j\u016bsu krava tiek <strong>\u0101tri un dro\u0161i pa\u0146emta un pieg\u0101d\u0101ta<\/strong>.<\/p><p data-start=\"514\" data-end=\"826\" data-is-last-node=\"\" data-is-only-node=\"\" class=\"translation-block\">M\u0113s p\u0101rvald\u0101m <strong>pilnu lo\u0123istikas ciklu<\/strong> \u2014 s\u0101kot no <strong>mar\u0161ruta pl\u0101no\u0161anas<\/strong>, <strong>dokument\u0101cijas<\/strong> un <strong>at\u013cauj\u0101m<\/strong> l\u012bdz profesion\u0101lai <strong>iekrau\u0161anai un izkrau\u0161anai<\/strong>. Ar <strong>elast\u012bgu, klientam piel\u0101gotu pieeju<\/strong> m\u016bsu komanda nodro\u0161ina, ka j\u016bsu ekspress krava sasniedz galam\u0113r\u0137i <strong>laik\u0101 \u2014 katru reizi<\/strong>, lai j\u016bs var\u0113tu koncentr\u0113ties uz svar\u012bg\u0101ko.<\/p>\t\t\t\t\t\t\t\t<\/div>\n\t\t\t\t<\/div>\n\t\t\t\t<\/div>\n\t\t\t\t<div class=\"elementor-element elementor-element-8f18c18 elementor-widget elementor-widget-image\" data-id=\"8f18c18\" data-element_type=\"widget\" data-e-type=\"widget\" data-widget_type=\"image.default\">\n\t\t\t\t<div class=\"elementor-widget-container\">\n\t\t\t\t\t\t\t\t\t\t\t\t\t\t\t<img decoding=\"async\" src=\"https:\/\/targetpluss.com\/wp-content\/uploads\/elementor\/thumbs\/express-cargo-delivery-1-e1749104046146-r6uk1po8v7i3x0twvb8b4n8afdqwg6811h2k37t5e0.png\" title=\"ekspress-kravu pieg\u0101de\" alt=\"express-cargo-delivery\" loading=\"lazy\" \/>\t\t\t\t\t\t\t\t\t\t\t\t\t\t\t<\/div>\n\t\t\t\t<\/div>\n\t\t\t\t\t<\/div>\n\t\t\t\t<\/div>\n\t\t\t\t<section class=\"elementor-section elementor-top-section elementor-element elementor-element-736f053 elementor-section-content-middle elementor-section-full_width elementor-section-height-default elementor-section-height-default text-reveal-no elementor-invisible\" data-id=\"736f053\" data-element_type=\"section\" data-e-type=\"section\" data-settings=\"{&quot;background_background&quot;:&quot;classic&quot;,&quot;animation&quot;:&quot;fadeInUp&quot;}\">\n\t\t\t\t\t\t\t<div class=\"elementor-background-overlay\"><\/div>\n\t\t\t\t\t\t\t<div class=\"elementor-container elementor-column-gap-wide\">\n\t\t\t\t\t<div class=\"elementor-column elementor-col-50 elementor-top-column elementor-element elementor-element-f6401dc\" data-id=\"f6401dc\" data-element_type=\"column\" data-e-type=\"column\">\n\t\t\t<div class=\"elementor-widget-wrap elementor-element-populated\">\n\t\t\t\t\t\t<div class=\"elementor-element elementor-element-5abdedb elementor-widget elementor-widget-image\" data-id=\"5abdedb\" data-element_type=\"widget\" data-e-type=\"widget\" data-widget_type=\"image.default\">\n\t\t\t\t<div class=\"elementor-widget-container\">\n\t\t\t\t\t\t\t\t\t\t\t\t\t\t\t<img fetchpriority=\"high\" decoding=\"async\" width=\"722\" height=\"478\" src=\"https:\/\/targetpluss.com\/wp-content\/uploads\/2023\/06\/shape-image.png\" class=\"attachment-full size-full wp-image-39499\" alt=\"\" \/>\t\t\t\t\t\t\t\t\t\t\t\t\t\t\t<\/div>\n\t\t\t\t<\/div>\n\t\t\t\t\t<\/div>\n\t\t<\/div>\n\t\t\t\t<div class=\"elementor-column elementor-col-50 elementor-top-column elementor-element elementor-element-fd561ea\" data-id=\"fd561ea\" data-element_type=\"column\" data-e-type=\"column\">\n\t\t\t<div class=\"elementor-widget-wrap elementor-element-populated\">\n\t\t\t\t\t\t<div class=\"elementor-element elementor-element-5757d9e theme-separator cea-align-left elementor-invisible elementor-widget elementor-widget-ceasectiontitle\" data-id=\"5757d9e\" data-element_type=\"widget\" data-e-type=\"widget\" data-settings=\"{&quot;_animation&quot;:&quot;fadeInUp&quot;}\" data-widget_type=\"ceasectiontitle.default\">\n\t\t\t\t<div class=\"elementor-widget-container\">\n\t\t\t\t\t<div class=\"section-title-wrapper\"><div class=\"title-wrap\"><h3 class=\"section-title none\" data-animation=\"none\">Vai mekl\u0113jat rentablu pieg\u0101di?<\/h3><\/div><!-- .title-wrap --><div class=\"section-description\"><\/div><!-- .section-description --><\/div><!-- .section-title-wrapper -->\t\t\t\t<\/div>\n\t\t\t\t<\/div>\n\t\t\t\t<div class=\"elementor-element elementor-element-3efbfd2 cea-btn-tablet-align-left elementor-invisible elementor-widget elementor-widget-ceabutton\" data-id=\"3efbfd2\" data-element_type=\"widget\" data-e-type=\"widget\" data-settings=\"{&quot;_animation&quot;:&quot;fadeInUp&quot;}\" data-widget_type=\"ceabutton.default\">\n\t\t\t\t<div class=\"elementor-widget-container cea-button-wrapper\">\n\t\t\t\t\t<div class=\"cea-button-wrapper\">\n\t\t\t<a href=\"https:\/\/targetpluss.com\/lv\/contact-us\/\" class=\"cea-button-link elementor-button cea-button elementor-size-sm\">\n\t\t\t\t\t\t<span class=\"cea-button-content-wrapper\">\n\t\t\t\t\t\t<span class=\"cea-button-icon cea-align-icon-\">\n\t\t\t\t\t\t\t<\/span>\n\t\t\t\t\t\t<span class=\"cea-button-text\">Sazin\u0101ties ar mums<\/span>\n\t\t<\/span>\n\t\t\t\t\t<\/a>\n\t\t<\/div>\n\t\t\t\t<\/div>\n\t\t\t\t<\/div>\n\t\t\t\t\t<\/div>\n\t\t<\/div>\n\t\t\t\t\t<\/div>\n\t\t<\/section>\n\t\t\t\t<\/div>","protected":false},"excerpt":{"rendered":"<p>\u0100tra un uzticama ekspress kravu pieg\u0101de Target Pluss specializ\u0113jas \u0101tr\u0101 un efekt\u012bv\u0101 ekspress kravu pieg\u0101d\u0113 vis\u0101 Eirop\u0101, \u0100zij\u0101 un \u0101rpus t\u0101s. M\u016bsu pieredz\u0113ju\u0161ie lo\u0123istikas konsultanti...<\/p>","protected":false},"author":1,"featured_media":0,"parent":44494,"menu_order":0,"comment_status":"closed","ping_status":"closed","template":"","meta":{"footnotes":""},"class_list":["post-44752","page","type-page","status-publish","hentry"],"_links":{"self":[{"href":"https:\/\/targetpluss.com\/lv\/wp-json\/wp\/v2\/pages\/44752","targetHints":{"allow":["GET"]}}],"collection":[{"href":"https:\/\/targetpluss.com\/lv\/wp-json\/wp\/v2\/pages"}],"about":[{"href":"https:\/\/targetpluss.com\/lv\/wp-json\/wp\/v2\/types\/page"}],"author":[{"embeddable":true,"href":"https:\/\/targetpluss.com\/lv\/wp-json\/wp\/v2\/users\/1"}],"replies":[{"embeddable":true,"href":"https:\/\/targetpluss.com\/lv\/wp-json\/wp\/v2\/comments?post=44752"}],"version-history":[{"count":58,"href":"https:\/\/targetpluss.com\/lv\/wp-json\/wp\/v2\/pages\/44752\/revisions"}],"predecessor-version":[{"id":45376,"href":"https:\/\/targetpluss.com\/lv\/wp-json\/wp\/v2\/pages\/44752\/revisions\/45376"}],"up":[{"embeddable":true,"href":"https:\/\/targetpluss.com\/lv\/wp-json\/wp\/v2\/pages\/44494"}],"wp:attachment":[{"href":"https:\/\/targetpluss.com\/lv\/wp-json\/wp\/v2\/media?parent=44752"}],"curies":[{"name":"wp","href":"https:\/\/api.w.org\/{rel}","templated":true}]}}