{"id":44754,"date":"2025-06-03T11:30:29","date_gmt":"2025-06-03T11:30:29","guid":{"rendered":"https:\/\/targetpluss.com\/?page_id=44754"},"modified":"2025-06-09T11:54:17","modified_gmt":"2025-06-09T11:54:17","slug":"project-logistics","status":"publish","type":"page","link":"https:\/\/targetpluss.com\/lv\/our-services\/logistics-services\/project-logistics\/","title":{"rendered":"Projektu lo\u0123istika"},"content":{"rendered":"<div data-elementor-type=\"wp-page\" data-elementor-id=\"44754\" class=\"elementor elementor-44754\" data-elementor-post-type=\"page\">\n\t\t\t\t<div class=\"elementor-element elementor-element-c1db7cf e-flex e-con-boxed text-reveal-no e-con e-parent\" data-id=\"c1db7cf\" data-element_type=\"container\" data-e-type=\"container\">\n\t\t\t\t\t<div class=\"e-con-inner\">\n\t\t\t\t<div class=\"elementor-element elementor-element-a046df7 cea-align-left cea-separator-type-normal elementor-invisible elementor-widget elementor-widget-ceasectiontitle\" data-id=\"a046df7\" data-element_type=\"widget\" data-e-type=\"widget\" data-settings=\"{&quot;_animation&quot;:&quot;fadeInUp&quot;}\" data-widget_type=\"ceasectiontitle.default\">\n\t\t\t\t<div class=\"elementor-widget-container\">\n\t\t\t\t\t<div class=\"section-title-wrapper\"><div class=\"title-wrap\"><h2 class=\"section-title none\" data-animation=\"none\">Target Pluss projektu lo\u0123istika<\/h2><div class=\"elementor-divider\"><span class=\"elementor-divider-separator\"><\/span><\/div><\/div><!-- .title-wrap --><div class=\"section-description\"><\/div><!-- .section-description --><\/div><!-- .section-title-wrapper -->\t\t\t\t<\/div>\n\t\t\t\t<\/div>\n\t\t\t\t\t<\/div>\n\t\t\t\t<\/div>\n\t\t<div class=\"elementor-element elementor-element-78d0c74 e-flex e-con-boxed text-reveal-no e-con e-parent\" data-id=\"78d0c74\" data-element_type=\"container\" data-e-type=\"container\">\n\t\t\t\t\t<div class=\"e-con-inner\">\n\t\t\t\t<div class=\"elementor-element elementor-element-85fc241 elementor-hidden-desktop elementor-widget elementor-widget-image\" data-id=\"85fc241\" data-element_type=\"widget\" data-e-type=\"widget\" data-widget_type=\"image.default\">\n\t\t\t\t<div class=\"elementor-widget-container\">\n\t\t\t\t\t\t\t\t\t\t\t\t\t\t\t<img decoding=\"async\" src=\"https:\/\/targetpluss.com\/wp-content\/uploads\/elementor\/thumbs\/logistics-services-1-r6umxku60hd25nizdbb8k9n3zqkr2k27zw1lgpp1m8.png\" title=\"lo\u0123istikas pakalpojumi-1\" alt=\"logistics-services-1\" loading=\"lazy\" \/>\t\t\t\t\t\t\t\t\t\t\t\t\t\t\t<\/div>\n\t\t\t\t<\/div>\n\t\t\t\t\t<\/div>\n\t\t\t\t<\/div>\n\t\t<div class=\"elementor-element elementor-element-2e0c12a elementor-hidden-desktop e-flex e-con-boxed text-reveal-no e-con e-parent\" data-id=\"2e0c12a\" data-element_type=\"container\" data-e-type=\"container\">\n\t\t\t\t\t<div class=\"e-con-inner\">\n\t\t\t\t<div class=\"elementor-element elementor-element-9b85dff elementor-widget elementor-widget-text-editor\" data-id=\"9b85dff\" data-element_type=\"widget\" data-e-type=\"widget\" data-widget_type=\"text-editor.default\">\n\t\t\t\t<div class=\"elementor-widget-container\">\n\t\t\t\t\t\t\t\t\t<p data-start=\"292\" data-end=\"634\" class=\"translation-block\"><strong>Target Pluss<\/strong> nodro\u0161ina piel\u0101gotus lo\u0123istikas pakalpojumus <strong>nestandarta un liela apjoma krav\u0101m<\/strong>, kas bie\u017ei nepiecie\u0161ami t\u0101d\u0101s nozar\u0113s k\u0101 <strong>b\u016bvniec\u012bba, ener\u0123\u0113tika, infrastrukt\u016bra un ra\u017eo\u0161ana<\/strong>. \u0160\u0101di p\u0101rvad\u0101jumi parasti ietver <strong>p\u0101rm\u0113ra, smagu vai jut\u012bgu apr\u012bkojumu<\/strong> un prasa augstu pl\u0101no\u0161anas, koordin\u0101cijas un pieredzes l\u012bmeni.<\/p><p data-start=\"636\" data-end=\"936\" class=\"translation-block\">M\u016bsu komanda nodro\u0161ina, ka katrs transport\u0113\u0161anas procesa posms tiek veikts <strong>prec\u012bzi<\/strong> - no <strong>mar\u0161ruta pl\u0101no\u0161anas<\/strong> un <strong>at\u013cauju sa\u0146em\u0161anas<\/strong> l\u012bdz <strong>izkrau\u0161anai<\/strong>, <strong>izvad\u0101\u0161anai<\/strong> un <strong>pieg\u0101dei<\/strong> uz vietas. M\u0113s saprotam, ka nav divu vien\u0101du projektu, t\u0101p\u0113c m\u0113s piel\u0101gojam savu pieeju, lai t\u0101 atbilstu j\u016bsu <strong>specifiskaj\u0101m tehniskaj\u0101m un darb\u012bbas pras\u012bb\u0101m<\/strong>.<\/p>\t\t\t\t\t\t\t\t<\/div>\n\t\t\t\t<\/div>\n\t\t\t\t\t<\/div>\n\t\t\t\t<\/div>\n\t\t<div class=\"elementor-element elementor-element-432fd1f elementor-hidden-tablet elementor-hidden-mobile e-flex e-con-boxed text-reveal-no e-con e-parent\" data-id=\"432fd1f\" data-element_type=\"container\" data-e-type=\"container\">\n\t\t\t\t\t<div class=\"e-con-inner\">\n\t\t<div class=\"elementor-element elementor-element-55d2fd5 e-con-full e-flex text-reveal-no e-con e-child\" data-id=\"55d2fd5\" data-element_type=\"container\" data-e-type=\"container\">\n\t\t\t\t<div class=\"elementor-element elementor-element-3236dbc elementor-widget elementor-widget-text-editor\" data-id=\"3236dbc\" data-element_type=\"widget\" data-e-type=\"widget\" data-widget_type=\"text-editor.default\">\n\t\t\t\t<div class=\"elementor-widget-container\">\n\t\t\t\t\t\t\t\t\t<p data-start=\"292\" data-end=\"634\" class=\"translation-block\"><strong>Target Pluss<\/strong> nodro\u0161ina piel\u0101gotus lo\u0123istikas pakalpojumus <strong>nestandarta un liela apjoma krav\u0101m<\/strong>, kas bie\u017ei nepiecie\u0161ami t\u0101d\u0101s nozar\u0113s k\u0101 <strong>b\u016bvniec\u012bba, ener\u0123\u0113tika, infrastrukt\u016bra un ra\u017eo\u0161ana<\/strong>. \u0160\u0101di p\u0101rvad\u0101jumi parasti ietver <strong>p\u0101rm\u0113ra, smagu vai jut\u012bgu apr\u012bkojumu<\/strong> un prasa augstu pl\u0101no\u0161anas, koordin\u0101cijas un pieredzes l\u012bmeni.<\/p><p data-start=\"636\" data-end=\"936\" class=\"translation-block\">M\u016bsu komanda nodro\u0161ina, ka katrs transport\u0113\u0161anas procesa posms tiek veikts <strong>prec\u012bzi<\/strong> - no <strong>mar\u0161ruta pl\u0101no\u0161anas<\/strong> un <strong>at\u013cauju sa\u0146em\u0161anas<\/strong> l\u012bdz <strong>izkrau\u0161anai<\/strong>, <strong>izvad\u0101\u0161anai<\/strong> un <strong>pieg\u0101dei<\/strong> uz vietas. M\u0113s saprotam, ka nav divu vien\u0101du projektu, t\u0101p\u0113c m\u0113s piel\u0101gojam savu pieeju, lai t\u0101 atbilstu j\u016bsu <strong>specifiskaj\u0101m tehniskaj\u0101m un darb\u012bbas pras\u012bb\u0101m<\/strong>.<\/p>\t\t\t\t\t\t\t\t<\/div>\n\t\t\t\t<\/div>\n\t\t\t\t<\/div>\n\t\t\t\t<div class=\"elementor-element elementor-element-9a6a873 elementor-widget elementor-widget-image\" data-id=\"9a6a873\" data-element_type=\"widget\" data-e-type=\"widget\" data-widget_type=\"image.default\">\n\t\t\t\t<div class=\"elementor-widget-container\">\n\t\t\t\t\t\t\t\t\t\t\t\t\t\t\t<img decoding=\"async\" src=\"https:\/\/targetpluss.com\/wp-content\/uploads\/elementor\/thumbs\/logistics-services-1-r6umxku4smkmjnd8yeg2g6sqyed4esui43gfbb7tl4.png\" title=\"lo\u0123istikas pakalpojumi-1\" alt=\"logistics-services-1\" loading=\"lazy\" \/>\t\t\t\t\t\t\t\t\t\t\t\t\t\t\t<\/div>\n\t\t\t\t<\/div>\n\t\t\t\t\t<\/div>\n\t\t\t\t<\/div>\n\t\t\t\t<section class=\"elementor-section elementor-top-section elementor-element elementor-element-e6c9a46 elementor-section-content-middle elementor-section-full_width elementor-section-height-default elementor-section-height-default text-reveal-no elementor-invisible\" data-id=\"e6c9a46\" data-element_type=\"section\" data-e-type=\"section\" data-settings=\"{&quot;background_background&quot;:&quot;classic&quot;,&quot;animation&quot;:&quot;fadeInUp&quot;}\">\n\t\t\t\t\t\t\t<div class=\"elementor-background-overlay\"><\/div>\n\t\t\t\t\t\t\t<div class=\"elementor-container elementor-column-gap-wide\">\n\t\t\t\t\t<div class=\"elementor-column elementor-col-50 elementor-top-column elementor-element elementor-element-647b57b\" data-id=\"647b57b\" data-element_type=\"column\" data-e-type=\"column\">\n\t\t\t<div class=\"elementor-widget-wrap elementor-element-populated\">\n\t\t\t\t\t\t<div class=\"elementor-element elementor-element-d5fa90a elementor-widget elementor-widget-image\" data-id=\"d5fa90a\" data-element_type=\"widget\" data-e-type=\"widget\" data-widget_type=\"image.default\">\n\t\t\t\t<div class=\"elementor-widget-container\">\n\t\t\t\t\t\t\t\t\t\t\t\t\t\t\t<img fetchpriority=\"high\" decoding=\"async\" width=\"722\" height=\"478\" src=\"https:\/\/targetpluss.com\/wp-content\/uploads\/2023\/06\/shape-image.png\" class=\"attachment-full size-full wp-image-39499\" alt=\"\" \/>\t\t\t\t\t\t\t\t\t\t\t\t\t\t\t<\/div>\n\t\t\t\t<\/div>\n\t\t\t\t\t<\/div>\n\t\t<\/div>\n\t\t\t\t<div class=\"elementor-column elementor-col-50 elementor-top-column elementor-element elementor-element-f3835a8\" data-id=\"f3835a8\" data-element_type=\"column\" data-e-type=\"column\">\n\t\t\t<div class=\"elementor-widget-wrap elementor-element-populated\">\n\t\t\t\t\t\t<div class=\"elementor-element elementor-element-e5025f8 theme-separator cea-align-left elementor-invisible elementor-widget elementor-widget-ceasectiontitle\" data-id=\"e5025f8\" data-element_type=\"widget\" data-e-type=\"widget\" data-settings=\"{&quot;_animation&quot;:&quot;fadeInUp&quot;}\" data-widget_type=\"ceasectiontitle.default\">\n\t\t\t\t<div class=\"elementor-widget-container\">\n\t\t\t\t\t<div class=\"section-title-wrapper\"><div class=\"title-wrap\"><h3 class=\"section-title none\" data-animation=\"none\">Need Efficient Project Logistics?<\/h3><\/div><!-- .title-wrap --><div class=\"section-description\"><\/div><!-- .section-description --><\/div><!-- .section-title-wrapper -->\t\t\t\t<\/div>\n\t\t\t\t<\/div>\n\t\t\t\t<div class=\"elementor-element elementor-element-56eb988 cea-btn-tablet-align-left elementor-invisible elementor-widget elementor-widget-ceabutton\" data-id=\"56eb988\" data-element_type=\"widget\" data-e-type=\"widget\" data-settings=\"{&quot;_animation&quot;:&quot;fadeInUp&quot;}\" data-widget_type=\"ceabutton.default\">\n\t\t\t\t<div class=\"elementor-widget-container cea-button-wrapper\">\n\t\t\t\t\t<div class=\"cea-button-wrapper\">\n\t\t\t<a href=\"https:\/\/targetpluss.com\/lv\/contact-us\/\" class=\"cea-button-link elementor-button cea-button elementor-size-sm\">\n\t\t\t\t\t\t<span class=\"cea-button-content-wrapper\">\n\t\t\t\t\t\t<span class=\"cea-button-icon cea-align-icon-\">\n\t\t\t\t\t\t\t<\/span>\n\t\t\t\t\t\t<span class=\"cea-button-text\">Sazin\u0101ties ar mums<\/span>\n\t\t<\/span>\n\t\t\t\t\t<\/a>\n\t\t<\/div>\n\t\t\t\t<\/div>\n\t\t\t\t<\/div>\n\t\t\t\t\t<\/div>\n\t\t<\/div>\n\t\t\t\t\t<\/div>\n\t\t<\/section>\n\t\t\t\t<\/div>","protected":false},"excerpt":{"rendered":"<p>Target Pluss projektu lo\u0123istika Target Pluss sniedz piel\u0101gotus lo\u0123istikas pakalpojumus nestandarta un liela apjoma krav\u0101m, kas bie\u017ei vien ir nepiecie\u0161amas t\u0101d\u0101s nozar\u0113s k\u0101 b\u016bvniec\u012bba, ener\u0123\u0113tika, infrastrukt\u016bra un ra\u017eo\u0161ana. \u0160\u0101da veida..<\/p>","protected":false},"author":1,"featured_media":0,"parent":44494,"menu_order":0,"comment_status":"closed","ping_status":"closed","template":"","meta":{"footnotes":""},"class_list":["post-44754","page","type-page","status-publish","hentry"],"_links":{"self":[{"href":"https:\/\/targetpluss.com\/lv\/wp-json\/wp\/v2\/pages\/44754","targetHints":{"allow":["GET"]}}],"collection":[{"href":"https:\/\/targetpluss.com\/lv\/wp-json\/wp\/v2\/pages"}],"about":[{"href":"https:\/\/targetpluss.com\/lv\/wp-json\/wp\/v2\/types\/page"}],"author":[{"embeddable":true,"href":"https:\/\/targetpluss.com\/lv\/wp-json\/wp\/v2\/users\/1"}],"replies":[{"embeddable":true,"href":"https:\/\/targetpluss.com\/lv\/wp-json\/wp\/v2\/comments?post=44754"}],"version-history":[{"count":28,"href":"https:\/\/targetpluss.com\/lv\/wp-json\/wp\/v2\/pages\/44754\/revisions"}],"predecessor-version":[{"id":45440,"href":"https:\/\/targetpluss.com\/lv\/wp-json\/wp\/v2\/pages\/44754\/revisions\/45440"}],"up":[{"embeddable":true,"href":"https:\/\/targetpluss.com\/lv\/wp-json\/wp\/v2\/pages\/44494"}],"wp:attachment":[{"href":"https:\/\/targetpluss.com\/lv\/wp-json\/wp\/v2\/media?parent=44754"}],"curies":[{"name":"wp","href":"https:\/\/api.w.org\/{rel}","templated":true}]}}