{"id":44756,"date":"2025-06-03T11:34:06","date_gmt":"2025-06-03T11:34:06","guid":{"rendered":"https:\/\/targetpluss.com\/?page_id=44756"},"modified":"2025-06-05T07:12:22","modified_gmt":"2025-06-05T07:12:22","slug":"international-cargo-transportation","status":"publish","type":"page","link":"https:\/\/targetpluss.com\/lv\/our-services\/transport-services\/international-cargo-transportation\/","title":{"rendered":"Starptautiskie kravu p\u0101rvad\u0101jumi"},"content":{"rendered":"<div data-elementor-type=\"wp-page\" data-elementor-id=\"44756\" class=\"elementor elementor-44756\" data-elementor-post-type=\"page\">\n\t\t\t\t<div class=\"elementor-element elementor-element-7ede84d e-flex e-con-boxed text-reveal-no e-con e-parent\" data-id=\"7ede84d\" data-element_type=\"container\" data-e-type=\"container\">\n\t\t\t\t\t<div class=\"e-con-inner\">\n\t\t\t\t<div class=\"elementor-element elementor-element-a92d1c3 cea-align-left cea-separator-type-normal elementor-invisible elementor-widget elementor-widget-ceasectiontitle\" data-id=\"a92d1c3\" data-element_type=\"widget\" data-e-type=\"widget\" data-settings=\"{&quot;_animation&quot;:&quot;fadeInUp&quot;}\" data-widget_type=\"ceasectiontitle.default\">\n\t\t\t\t<div class=\"elementor-widget-container\">\n\t\t\t\t\t<div class=\"section-title-wrapper\"><div class=\"title-wrap\"><h2 class=\"section-title none\" data-animation=\"none\">Expert Support for International Cargo Transportation<\/h2><div class=\"elementor-divider\"><span class=\"elementor-divider-separator\"><\/span><\/div><\/div><!-- .title-wrap --><div class=\"section-description\"><\/div><!-- .section-description --><\/div><!-- .section-title-wrapper -->\t\t\t\t<\/div>\n\t\t\t\t<\/div>\n\t\t\t\t\t<\/div>\n\t\t\t\t<\/div>\n\t\t<div class=\"elementor-element elementor-element-3c8ec8e e-flex e-con-boxed text-reveal-no e-con e-parent\" data-id=\"3c8ec8e\" data-element_type=\"container\" data-e-type=\"container\">\n\t\t\t\t\t<div class=\"e-con-inner\">\n\t\t\t\t<div class=\"elementor-element elementor-element-99833ce elementor-hidden-desktop elementor-widget elementor-widget-image\" data-id=\"99833ce\" data-element_type=\"widget\" data-e-type=\"widget\" data-widget_type=\"image.default\">\n\t\t\t\t<div class=\"elementor-widget-container\">\n\t\t\t\t\t\t\t\t\t\t\t\t\t\t\t<img fetchpriority=\"high\" decoding=\"async\" width=\"768\" height=\"768\" src=\"https:\/\/targetpluss.com\/wp-content\/uploads\/2025\/06\/loading-cargo-768x768.png\" class=\"attachment-medium_large size-medium_large wp-image-44780\" alt=\"\" srcset=\"https:\/\/targetpluss.com\/wp-content\/uploads\/2025\/06\/loading-cargo-768x768.png 768w, https:\/\/targetpluss.com\/wp-content\/uploads\/2025\/06\/loading-cargo-80x80.png 80w, https:\/\/targetpluss.com\/wp-content\/uploads\/2025\/06\/loading-cargo-12x12.png 12w, https:\/\/targetpluss.com\/wp-content\/uploads\/2025\/06\/loading-cargo.png 1024w\" sizes=\"(max-width: 768px) 100vw, 768px\" \/>\t\t\t\t\t\t\t\t\t\t\t\t\t\t\t<\/div>\n\t\t\t\t<\/div>\n\t\t\t\t\t<\/div>\n\t\t\t\t<\/div>\n\t\t<div class=\"elementor-element elementor-element-08cd93d elementor-hidden-desktop e-flex e-con-boxed text-reveal-no e-con e-parent\" data-id=\"08cd93d\" data-element_type=\"container\" data-e-type=\"container\">\n\t\t\t\t\t<div class=\"e-con-inner\">\n\t\t\t\t<div class=\"elementor-element elementor-element-1285429 elementor-widget elementor-widget-text-editor\" data-id=\"1285429\" data-element_type=\"widget\" data-e-type=\"widget\" data-widget_type=\"text-editor.default\">\n\t\t\t\t<div class=\"elementor-widget-container\">\n\t\t\t\t\t\t\t\t\t<p data-start=\"246\" data-end=\"577\" class=\"translation-block\"><strong data-start=\"285\" data-end=\"301\">Target Pluss<\/strong> pied\u0101v\u0101 <strong data-start=\"312\" data-end=\"380\">uzticamus un efekt\u012bvus automobi\u013cu un motociklu p\u0101rvad\u0101\u0161anas pakalpojumus<\/strong> gan <strong data-start=\"390\" data-end=\"428\">priv\u0101tperson\u0101m, gan uz\u0146\u0113mumiem<\/strong>. Neatkar\u012bgi no att\u0101luma \u2014 vai tas \u0161\u0137\u0113rso valstis vai kontinentus \u2014 m\u016bsu lo\u0123istikas komanda nodro\u0161ina vienm\u0113r\u012bgu pieg\u0101di no durv\u012bm l\u012bdz durv\u012bm vis\u0101 <strong data-start=\"552\" data-end=\"571\">Eirop\u0101 un \u0100zij\u0101<\/strong>.<\/p><p data-start=\"579\" data-end=\"882\" class=\"translation-block\">M\u016bsu komand\u0101 str\u0101d\u0101 <strong data-start=\"600\" data-end=\"640\">prasm\u012bgi un atsauc\u012bgi profesion\u0101\u013ci<\/strong>, kas ir gatavi sniegt praktiskus risin\u0101jumus un atbalstu katr\u0101 procesa posm\u0101. S\u0101kot no optim\u0101l\u0101 transporta veida izv\u0113les l\u012bdz starptautisk\u0101s lo\u0123istikas p\u0101rvald\u012bbai, m\u0113s nodro\u0161in\u0101m, ka j\u016bsu krava sasniedz galam\u0113r\u0137i efekt\u012bvi un dro\u0161i.<\/p><p data-start=\"884\" data-end=\"1158\" class=\"translation-block\">M\u0113s pied\u0101v\u0101jam <strong data-start=\"895\" data-end=\"947\">pilnu kravu p\u0101rvad\u0101jumu pakalpojumu no s\u0101kuma l\u012bdz beig\u0101m<\/strong> \u2014 no pre\u010du sa\u0146em\u0161anas l\u012bdz gal\u012bgajai pieg\u0101dei \u2014 \u013caujot jums koncentr\u0113ties uz savu biznesu, kam\u0113r m\u0113s par\u016bp\u0113jamies par p\u0101r\u0113jo. Tas ietver <strong data-start=\"1072\" data-end=\"1118\">dokumentu noform\u0113\u0161anu, at\u013cauju ieg\u016b\u0161anu, iekrau\u0161anu, izkrau\u0161anu<\/strong> un visas citas lo\u0123istikas pras\u012bbas.<\/p><p data-start=\"1160\" data-end=\"1253\" class=\"translation-block\">Ar <strong data-start=\"1165\" data-end=\"1181\">Target Pluss<\/strong> starptautiskie kravu p\u0101rvad\u0101jumi k\u013c\u016bst vienk\u0101r\u0161i, \u0101tri un bez raiz\u0113m.<\/p>\t\t\t\t\t\t\t\t<\/div>\n\t\t\t\t<\/div>\n\t\t\t\t\t<\/div>\n\t\t\t\t<\/div>\n\t\t<div class=\"elementor-element elementor-element-c179e83 elementor-hidden-tablet elementor-hidden-mobile e-flex e-con-boxed text-reveal-no e-con e-parent\" data-id=\"c179e83\" data-element_type=\"container\" data-e-type=\"container\">\n\t\t\t\t\t<div class=\"e-con-inner\">\n\t\t<div class=\"elementor-element elementor-element-54be748 e-con-full e-flex text-reveal-no e-con e-child\" data-id=\"54be748\" data-element_type=\"container\" data-e-type=\"container\">\n\t\t\t\t<div class=\"elementor-element elementor-element-9a7e181 elementor-widget elementor-widget-text-editor\" data-id=\"9a7e181\" data-element_type=\"widget\" data-e-type=\"widget\" data-widget_type=\"text-editor.default\">\n\t\t\t\t<div class=\"elementor-widget-container\">\n\t\t\t\t\t\t\t\t\t<p data-start=\"246\" data-end=\"577\" class=\"translation-block\"><strong data-start=\"285\" data-end=\"301\">Target Pluss<\/strong> pied\u0101v\u0101 <strong data-start=\"312\" data-end=\"380\">uzticamus un efekt\u012bvus automobi\u013cu un motociklu p\u0101rvad\u0101\u0161anas pakalpojumus<\/strong> gan <strong data-start=\"390\" data-end=\"428\">priv\u0101tperson\u0101m, gan uz\u0146\u0113mumiem<\/strong>. Neatkar\u012bgi no att\u0101luma \u2014 vai tas \u0161\u0137\u0113rso valstis vai kontinentus \u2014 m\u016bsu lo\u0123istikas komanda nodro\u0161ina vienm\u0113r\u012bgu pieg\u0101di no durv\u012bm l\u012bdz durv\u012bm vis\u0101 <strong data-start=\"552\" data-end=\"571\">Eirop\u0101 un \u0100zij\u0101<\/strong>.<\/p><p data-start=\"579\" data-end=\"882\" class=\"translation-block\">M\u016bsu komand\u0101 str\u0101d\u0101 <strong data-start=\"600\" data-end=\"640\">prasm\u012bgi un atsauc\u012bgi profesion\u0101\u013ci<\/strong>, kas ir gatavi sniegt praktiskus risin\u0101jumus un atbalstu katr\u0101 procesa posm\u0101. S\u0101kot no optim\u0101l\u0101 transporta veida izv\u0113les l\u012bdz starptautisk\u0101s lo\u0123istikas p\u0101rvald\u012bbai, m\u0113s nodro\u0161in\u0101m, ka j\u016bsu krava sasniedz galam\u0113r\u0137i efekt\u012bvi un dro\u0161i.<\/p><p data-start=\"884\" data-end=\"1158\" class=\"translation-block\">M\u0113s pied\u0101v\u0101jam <strong data-start=\"895\" data-end=\"947\">pilnu kravu p\u0101rvad\u0101jumu pakalpojumu no s\u0101kuma l\u012bdz beig\u0101m<\/strong> \u2014 no pre\u010du sa\u0146em\u0161anas l\u012bdz gal\u012bgajai pieg\u0101dei \u2014 \u013caujot jums koncentr\u0113ties uz savu biznesu, kam\u0113r m\u0113s par\u016bp\u0113jamies par p\u0101r\u0113jo. Tas ietver <strong data-start=\"1072\" data-end=\"1118\">dokumentu noform\u0113\u0161anu, at\u013cauju ieg\u016b\u0161anu, iekrau\u0161anu, izkrau\u0161anu<\/strong> un visas citas lo\u0123istikas pras\u012bbas.<\/p><p data-start=\"1160\" data-end=\"1253\" class=\"translation-block\">Ar <strong data-start=\"1165\" data-end=\"1181\">Target Pluss<\/strong> starptautiskie kravu p\u0101rvad\u0101jumi k\u013c\u016bst vienk\u0101r\u0161i, \u0101tri un bez raiz\u0113m.<\/p>\t\t\t\t\t\t\t\t<\/div>\n\t\t\t\t<\/div>\n\t\t\t\t<\/div>\n\t\t\t\t<div class=\"elementor-element elementor-element-c3d7243 elementor-widget elementor-widget-image\" data-id=\"c3d7243\" data-element_type=\"widget\" data-e-type=\"widget\" data-widget_type=\"image.default\">\n\t\t\t\t<div class=\"elementor-widget-container\">\n\t\t\t\t\t\t\t\t\t\t\t\t\t\t\t<img fetchpriority=\"high\" decoding=\"async\" width=\"768\" height=\"768\" src=\"https:\/\/targetpluss.com\/wp-content\/uploads\/2025\/06\/loading-cargo-768x768.png\" class=\"attachment-medium_large size-medium_large wp-image-44780\" alt=\"\" srcset=\"https:\/\/targetpluss.com\/wp-content\/uploads\/2025\/06\/loading-cargo-768x768.png 768w, https:\/\/targetpluss.com\/wp-content\/uploads\/2025\/06\/loading-cargo-80x80.png 80w, https:\/\/targetpluss.com\/wp-content\/uploads\/2025\/06\/loading-cargo-12x12.png 12w, https:\/\/targetpluss.com\/wp-content\/uploads\/2025\/06\/loading-cargo.png 1024w\" sizes=\"(max-width: 768px) 100vw, 768px\" \/>\t\t\t\t\t\t\t\t\t\t\t\t\t\t\t<\/div>\n\t\t\t\t<\/div>\n\t\t\t\t\t<\/div>\n\t\t\t\t<\/div>\n\t\t\t\t<section class=\"elementor-section elementor-top-section elementor-element elementor-element-ccaec68 elementor-section-content-middle elementor-section-full_width elementor-section-height-default elementor-section-height-default text-reveal-no elementor-invisible\" data-id=\"ccaec68\" data-element_type=\"section\" data-e-type=\"section\" data-settings=\"{&quot;background_background&quot;:&quot;classic&quot;,&quot;animation&quot;:&quot;fadeInUp&quot;}\">\n\t\t\t\t\t\t\t<div class=\"elementor-background-overlay\"><\/div>\n\t\t\t\t\t\t\t<div class=\"elementor-container elementor-column-gap-wide\">\n\t\t\t\t\t<div class=\"elementor-column elementor-col-50 elementor-top-column elementor-element elementor-element-85a7401\" data-id=\"85a7401\" data-element_type=\"column\" data-e-type=\"column\">\n\t\t\t<div class=\"elementor-widget-wrap elementor-element-populated\">\n\t\t\t\t\t\t<div class=\"elementor-element elementor-element-bec87de elementor-widget elementor-widget-image\" data-id=\"bec87de\" data-element_type=\"widget\" data-e-type=\"widget\" data-widget_type=\"image.default\">\n\t\t\t\t<div class=\"elementor-widget-container\">\n\t\t\t\t\t\t\t\t\t\t\t\t\t\t\t<img decoding=\"async\" width=\"722\" height=\"478\" src=\"https:\/\/targetpluss.com\/wp-content\/uploads\/2023\/06\/shape-image.png\" class=\"attachment-full size-full wp-image-39499\" alt=\"\" \/>\t\t\t\t\t\t\t\t\t\t\t\t\t\t\t<\/div>\n\t\t\t\t<\/div>\n\t\t\t\t\t<\/div>\n\t\t<\/div>\n\t\t\t\t<div class=\"elementor-column elementor-col-50 elementor-top-column elementor-element elementor-element-e50ae7b\" data-id=\"e50ae7b\" data-element_type=\"column\" data-e-type=\"column\">\n\t\t\t<div class=\"elementor-widget-wrap elementor-element-populated\">\n\t\t\t\t\t\t<div class=\"elementor-element elementor-element-886611a theme-separator cea-align-left elementor-invisible elementor-widget elementor-widget-ceasectiontitle\" data-id=\"886611a\" data-element_type=\"widget\" data-e-type=\"widget\" data-settings=\"{&quot;_animation&quot;:&quot;fadeInUp&quot;}\" data-widget_type=\"ceasectiontitle.default\">\n\t\t\t\t<div class=\"elementor-widget-container\">\n\t\t\t\t\t<div class=\"section-title-wrapper\"><div class=\"title-wrap\"><h3 class=\"section-title none\" data-animation=\"none\">We Create Opportunity to Reach Potential<\/h3><\/div><!-- .title-wrap --><div class=\"section-description\"><\/div><!-- .section-description --><\/div><!-- .section-title-wrapper -->\t\t\t\t<\/div>\n\t\t\t\t<\/div>\n\t\t\t\t<div class=\"elementor-element elementor-element-378a80b cea-btn-tablet-align-left elementor-invisible elementor-widget elementor-widget-ceabutton\" data-id=\"378a80b\" data-element_type=\"widget\" data-e-type=\"widget\" data-settings=\"{&quot;_animation&quot;:&quot;fadeInUp&quot;}\" data-widget_type=\"ceabutton.default\">\n\t\t\t\t<div class=\"elementor-widget-container cea-button-wrapper\">\n\t\t\t\t\t<div class=\"cea-button-wrapper\">\n\t\t\t<a href=\"https:\/\/targetpluss.com\/lv\/contact-us\/\" class=\"cea-button-link elementor-button cea-button elementor-size-sm\">\n\t\t\t\t\t\t<span class=\"cea-button-content-wrapper\">\n\t\t\t\t\t\t<span class=\"cea-button-icon cea-align-icon-\">\n\t\t\t\t\t\t\t<\/span>\n\t\t\t\t\t\t<span class=\"cea-button-text\">Sazin\u0101ties ar mums<\/span>\n\t\t<\/span>\n\t\t\t\t\t<\/a>\n\t\t<\/div>\n\t\t\t\t<\/div>\n\t\t\t\t<\/div>\n\t\t\t\t\t<\/div>\n\t\t<\/div>\n\t\t\t\t\t<\/div>\n\t\t<\/section>\n\t\t\t\t<\/div>","protected":false},"excerpt":{"rendered":"<p>Ekspertu atbalsts starptautiskajiem kravu p\u0101rvad\u0101jumiem M\u016bsu pieredz\u0113ju\u0161ie lo\u0123istikas konsultanti ir gatavi sniegt jums bezmaksas konsult\u0101cijas un pal\u012bdz\u0113t jums izprast visas...<\/p>","protected":false},"author":1,"featured_media":0,"parent":44499,"menu_order":0,"comment_status":"closed","ping_status":"closed","template":"","meta":{"footnotes":""},"class_list":["post-44756","page","type-page","status-publish","hentry"],"_links":{"self":[{"href":"https:\/\/targetpluss.com\/lv\/wp-json\/wp\/v2\/pages\/44756","targetHints":{"allow":["GET"]}}],"collection":[{"href":"https:\/\/targetpluss.com\/lv\/wp-json\/wp\/v2\/pages"}],"about":[{"href":"https:\/\/targetpluss.com\/lv\/wp-json\/wp\/v2\/types\/page"}],"author":[{"embeddable":true,"href":"https:\/\/targetpluss.com\/lv\/wp-json\/wp\/v2\/users\/1"}],"replies":[{"embeddable":true,"href":"https:\/\/targetpluss.com\/lv\/wp-json\/wp\/v2\/comments?post=44756"}],"version-history":[{"count":19,"href":"https:\/\/targetpluss.com\/lv\/wp-json\/wp\/v2\/pages\/44756\/revisions"}],"predecessor-version":[{"id":45083,"href":"https:\/\/targetpluss.com\/lv\/wp-json\/wp\/v2\/pages\/44756\/revisions\/45083"}],"up":[{"embeddable":true,"href":"https:\/\/targetpluss.com\/lv\/wp-json\/wp\/v2\/pages\/44499"}],"wp:attachment":[{"href":"https:\/\/targetpluss.com\/lv\/wp-json\/wp\/v2\/media?parent=44756"}],"curies":[{"name":"wp","href":"https:\/\/api.w.org\/{rel}","templated":true}]}}