{"id":44758,"date":"2025-06-03T11:35:44","date_gmt":"2025-06-03T11:35:44","guid":{"rendered":"https:\/\/targetpluss.com\/?page_id=44758"},"modified":"2025-06-10T08:53:40","modified_gmt":"2025-06-10T08:53:40","slug":"car-transportation","status":"publish","type":"page","link":"https:\/\/targetpluss.com\/lv\/our-services\/transport-services\/car-transportation\/","title":{"rendered":"Automa\u0161\u012bnu p\u0101rvad\u0101jumi"},"content":{"rendered":"<div data-elementor-type=\"wp-page\" data-elementor-id=\"44758\" class=\"elementor elementor-44758\" data-elementor-post-type=\"page\">\n\t\t\t\t<div class=\"elementor-element elementor-element-062d64e e-flex e-con-boxed text-reveal-no e-con e-parent\" data-id=\"062d64e\" data-element_type=\"container\" data-e-type=\"container\">\n\t\t\t\t\t<div class=\"e-con-inner\">\n\t\t\t\t<div class=\"elementor-element elementor-element-dd05b42 cea-align-left cea-separator-type-normal elementor-invisible elementor-widget elementor-widget-ceasectiontitle\" data-id=\"dd05b42\" data-element_type=\"widget\" data-e-type=\"widget\" data-settings=\"{&quot;_animation&quot;:&quot;fadeInUp&quot;}\" data-widget_type=\"ceasectiontitle.default\">\n\t\t\t\t<div class=\"elementor-widget-container\">\n\t\t\t\t\t<div class=\"section-title-wrapper\"><div class=\"title-wrap\"><h2 class=\"section-title none\" data-animation=\"none\">Moving Your Car Across All Borders<\/h2><div class=\"elementor-divider\"><span class=\"elementor-divider-separator\"><\/span><\/div><\/div><!-- .title-wrap --><div class=\"section-description\"><\/div><!-- .section-description --><\/div><!-- .section-title-wrapper -->\t\t\t\t<\/div>\n\t\t\t\t<\/div>\n\t\t\t\t\t<\/div>\n\t\t\t\t<\/div>\n\t\t<div class=\"elementor-element elementor-element-db07baa e-flex e-con-boxed text-reveal-no e-con e-parent\" data-id=\"db07baa\" data-element_type=\"container\" data-e-type=\"container\">\n\t\t\t\t\t<div class=\"e-con-inner\">\n\t\t\t\t<div class=\"elementor-element elementor-element-46a31bb elementor-hidden-desktop elementor-widget elementor-widget-image\" data-id=\"46a31bb\" data-element_type=\"widget\" data-e-type=\"widget\" data-widget_type=\"image.default\">\n\t\t\t\t<div class=\"elementor-widget-container\">\n\t\t\t\t\t\t\t\t\t\t\t\t\t\t\t<img decoding=\"async\" src=\"https:\/\/targetpluss.com\/wp-content\/uploads\/elementor\/thumbs\/car-transportation-services-r6wfc1n3v8ivnujuir60fhfdm54o39vlvf0rf304kg.png\" title=\"autotransporta pakalpojumi\" alt=\"car-transportation-services\" loading=\"lazy\" \/>\t\t\t\t\t\t\t\t\t\t\t\t\t\t\t<\/div>\n\t\t\t\t<\/div>\n\t\t\t\t\t<\/div>\n\t\t\t\t<\/div>\n\t\t<div class=\"elementor-element elementor-element-5be153c e-flex e-con-boxed text-reveal-no e-con e-parent\" data-id=\"5be153c\" data-element_type=\"container\" data-e-type=\"container\">\n\t\t\t\t\t<div class=\"e-con-inner\">\n\t\t\t\t<div class=\"elementor-element elementor-element-969b09d elementor-widget-tablet__width-inherit elementor-hidden-desktop elementor-widget elementor-widget-text-editor\" data-id=\"969b09d\" data-element_type=\"widget\" data-e-type=\"widget\" data-widget_type=\"text-editor.default\">\n\t\t\t\t<div class=\"elementor-widget-container\">\n\t\t\t\t\t\t\t\t\t<p class=\"translation-block\"><strong>Target Pluss<\/strong> pied\u0101v\u0101 <strong>uzticamus un efekt\u012bvus transporta pakalpojumus<\/strong> gan priv\u0101tperson\u0101m, gan uz\u0146\u0113mumiem. Neatkar\u012bgi no t\u0101, vai veicat p\u0101rvad\u0101jumus <strong>Baltijas valst\u012bs<\/strong>, vis\u0101 <strong>Eirop\u0101<\/strong> vai uz <strong>\u0100ziju<\/strong>, m\u016bsu komanda nodro\u0161ina <strong>no durv\u012bm l\u012bdz durv\u012bm<\/strong> ar pilnu r\u016bp\u012bbu. M\u0113s sniedzam ar\u012b <strong>muito\u0161anas atbalstu<\/strong>, apstr\u0101d\u0101jot visus nepiecie\u0161amos <strong>dokumentus<\/strong> un cie\u0161i sadarbojoties ar <strong>muitas brokeriem<\/strong>, lai nodro\u0161in\u0101tu piln\u012bgu atbilst\u012bbu starptautiskajiem noteikumiem.<\/p><p class=\"translation-block\">M\u016bsu <strong>pieredz\u0113ju\u0161ie lo\u0123istikas eksperti<\/strong> p\u0101rvalda visu procesu - no <strong>importa\/eksporta deklar\u0101cij\u0101m<\/strong> un <strong>mar\u0161rutu pl\u0101no\u0161anas<\/strong> l\u012bdz <strong>dro\u0161ai apstr\u0101dei<\/strong> un <strong>laic\u012bgai pieg\u0101dei<\/strong>. Neatkar\u012bgi no t\u0101, vai tas ir <strong>viens transportl\u012bdzeklis<\/strong> vai <strong>flotes lo\u0123istika<\/strong>, <strong>Target Pluss<\/strong> garant\u0113, ka j\u016bsu s\u016bt\u012bjums tiks nog\u0101d\u0101ts dro\u0161i un laikus.<\/p>\t\t\t\t\t\t\t\t<\/div>\n\t\t\t\t<\/div>\n\t\t\t\t\t<\/div>\n\t\t\t\t<\/div>\n\t\t<div class=\"elementor-element elementor-element-7522719 elementor-hidden-tablet elementor-hidden-mobile e-flex e-con-boxed text-reveal-no e-con e-parent\" data-id=\"7522719\" data-element_type=\"container\" data-e-type=\"container\">\n\t\t\t\t\t<div class=\"e-con-inner\">\n\t\t<div class=\"elementor-element elementor-element-935ec38 e-con-full e-flex text-reveal-no e-con e-child\" data-id=\"935ec38\" data-element_type=\"container\" data-e-type=\"container\">\n\t\t\t\t<div class=\"elementor-element elementor-element-e345b00 elementor-widget-tablet__width-inherit elementor-widget elementor-widget-text-editor\" data-id=\"e345b00\" data-element_type=\"widget\" data-e-type=\"widget\" data-widget_type=\"text-editor.default\">\n\t\t\t\t<div class=\"elementor-widget-container\">\n\t\t\t\t\t\t\t\t\t<p class=\"translation-block\"><strong>Target Pluss<\/strong> pied\u0101v\u0101 <strong>uzticamus un efekt\u012bvus transporta pakalpojumus<\/strong> gan priv\u0101tperson\u0101m, gan uz\u0146\u0113mumiem. Neatkar\u012bgi no t\u0101, vai p\u0101rvad\u0101jums notiek <strong>Baltijas valst\u012bs<\/strong>, <strong>Eirop\u0101<\/strong> vai <strong>\u0100zij\u0101<\/strong>, m\u016bsu komanda nodro\u0161ina <strong>pieg\u0101di no durv\u012bm l\u012bdz durv\u012bm<\/strong> ar pilnu r\u016bp\u012bbu. M\u0113s ar\u012b sniedzam <strong>muitas formalit\u0101\u0161u atbalstu<\/strong>, k\u0101rtojot visu nepiecie\u0161amo <strong>dokument\u0101ciju<\/strong> un cie\u0161i sadarbojoties ar <strong>muitas brokeriem<\/strong>, lai nodro\u0161in\u0101tu piln\u012bgu atbilst\u012bbu starptautiskajiem noteikumiem.<\/p><p class=\"translation-block\">M\u016bsu <strong>pieredz\u0113ju\u0161ie lo\u0123istikas eksperti<\/strong> p\u0101rvalda visu procesu \u2014 no <strong>importa\/eksporta deklar\u0101cij\u0101m<\/strong> un <strong>mar\u0161ruta pl\u0101no\u0161anas<\/strong> l\u012bdz <strong>dro\u0161ai kravas apstr\u0101dei<\/strong> un <strong>savlaic\u012bgai pieg\u0101dei<\/strong>. Neatkar\u012bgi no t\u0101, vai t\u0101 ir <strong>atsevi\u0161\u0137a automa\u0161\u012bna<\/strong> vai <strong>flotes lo\u0123istika<\/strong>, <strong>Target Pluss<\/strong> garant\u0113, ka j\u016bsu s\u016bt\u012bjums sasniedz galam\u0113r\u0137i dro\u0161i un laik\u0101.<\/p>\t\t\t\t\t\t\t\t<\/div>\n\t\t\t\t<\/div>\n\t\t\t\t<\/div>\n\t\t\t\t<div class=\"elementor-element elementor-element-5656666 elementor-widget elementor-widget-image\" data-id=\"5656666\" data-element_type=\"widget\" data-e-type=\"widget\" data-widget_type=\"image.default\">\n\t\t\t\t<div class=\"elementor-widget-container\">\n\t\t\t\t\t\t\t\t\t\t\t\t\t\t\t<img fetchpriority=\"high\" decoding=\"async\" width=\"1536\" height=\"1024\" src=\"https:\/\/targetpluss.com\/wp-content\/uploads\/2025\/06\/car-transportation-services.png\" class=\"attachment-full size-full wp-image-45273\" alt=\"\" srcset=\"https:\/\/targetpluss.com\/wp-content\/uploads\/2025\/06\/car-transportation-services.png 1536w, https:\/\/targetpluss.com\/wp-content\/uploads\/2025\/06\/car-transportation-services-768x512.png 768w, https:\/\/targetpluss.com\/wp-content\/uploads\/2025\/06\/car-transportation-services-18x12.png 18w, https:\/\/targetpluss.com\/wp-content\/uploads\/2025\/06\/car-transportation-services-1200x800.png 1200w\" sizes=\"(max-width: 1536px) 100vw, 1536px\" \/>\t\t\t\t\t\t\t\t\t\t\t\t\t\t\t<\/div>\n\t\t\t\t<\/div>\n\t\t\t\t\t<\/div>\n\t\t\t\t<\/div>\n\t\t\t\t<section class=\"elementor-section elementor-top-section elementor-element elementor-element-58a8cac elementor-section-content-middle elementor-section-full_width elementor-section-height-default elementor-section-height-default text-reveal-no elementor-invisible\" data-id=\"58a8cac\" data-element_type=\"section\" data-e-type=\"section\" data-settings=\"{&quot;background_background&quot;:&quot;classic&quot;,&quot;animation&quot;:&quot;fadeInUp&quot;}\">\n\t\t\t\t\t\t\t<div class=\"elementor-background-overlay\"><\/div>\n\t\t\t\t\t\t\t<div class=\"elementor-container elementor-column-gap-wide\">\n\t\t\t\t\t<div class=\"elementor-column elementor-col-50 elementor-top-column elementor-element elementor-element-c80d048\" data-id=\"c80d048\" data-element_type=\"column\" data-e-type=\"column\">\n\t\t\t<div class=\"elementor-widget-wrap elementor-element-populated\">\n\t\t\t\t\t\t<div class=\"elementor-element elementor-element-3469df4 elementor-widget elementor-widget-image\" data-id=\"3469df4\" data-element_type=\"widget\" data-e-type=\"widget\" data-widget_type=\"image.default\">\n\t\t\t\t<div class=\"elementor-widget-container\">\n\t\t\t\t\t\t\t\t\t\t\t\t\t\t\t<img decoding=\"async\" width=\"722\" height=\"478\" src=\"https:\/\/targetpluss.com\/wp-content\/uploads\/2023\/06\/shape-image.png\" class=\"attachment-full size-full wp-image-39499\" alt=\"\" \/>\t\t\t\t\t\t\t\t\t\t\t\t\t\t\t<\/div>\n\t\t\t\t<\/div>\n\t\t\t\t\t<\/div>\n\t\t<\/div>\n\t\t\t\t<div class=\"elementor-column elementor-col-50 elementor-top-column elementor-element elementor-element-6ad4c12\" data-id=\"6ad4c12\" data-element_type=\"column\" data-e-type=\"column\">\n\t\t\t<div class=\"elementor-widget-wrap elementor-element-populated\">\n\t\t\t\t\t\t<div class=\"elementor-element elementor-element-1f5fdc8 theme-separator cea-align-left elementor-invisible elementor-widget elementor-widget-ceasectiontitle\" data-id=\"1f5fdc8\" data-element_type=\"widget\" data-e-type=\"widget\" data-settings=\"{&quot;_animation&quot;:&quot;fadeInUp&quot;}\" data-widget_type=\"ceasectiontitle.default\">\n\t\t\t\t<div class=\"elementor-widget-container\">\n\t\t\t\t\t<div class=\"section-title-wrapper\"><div class=\"title-wrap\"><h3 class=\"section-title none\" data-animation=\"none\">We Create Opportunity to Reach Potential<\/h3><\/div><!-- .title-wrap --><div class=\"section-description\"><\/div><!-- .section-description --><\/div><!-- .section-title-wrapper -->\t\t\t\t<\/div>\n\t\t\t\t<\/div>\n\t\t\t\t<div class=\"elementor-element elementor-element-2f7f0eb cea-btn-tablet-align-left elementor-invisible elementor-widget elementor-widget-ceabutton\" data-id=\"2f7f0eb\" data-element_type=\"widget\" data-e-type=\"widget\" data-settings=\"{&quot;_animation&quot;:&quot;fadeInUp&quot;}\" data-widget_type=\"ceabutton.default\">\n\t\t\t\t<div class=\"elementor-widget-container cea-button-wrapper\">\n\t\t\t\t\t<div class=\"cea-button-wrapper\">\n\t\t\t<a href=\"https:\/\/targetpluss.com\/lv\/contact-us\/\" class=\"cea-button-link elementor-button cea-button elementor-size-sm\">\n\t\t\t\t\t\t<span class=\"cea-button-content-wrapper\">\n\t\t\t\t\t\t<span class=\"cea-button-icon cea-align-icon-\">\n\t\t\t\t\t\t\t<\/span>\n\t\t\t\t\t\t<span class=\"cea-button-text\">Sazin\u0101ties ar mums<\/span>\n\t\t<\/span>\n\t\t\t\t\t<\/a>\n\t\t<\/div>\n\t\t\t\t<\/div>\n\t\t\t\t<\/div>\n\t\t\t\t\t<\/div>\n\t\t<\/div>\n\t\t\t\t\t<\/div>\n\t\t<\/section>\n\t\t\t\t<\/div>","protected":false},"excerpt":{"rendered":"<p>Automa\u0161\u012bnas p\u0101rvieto\u0161ana p\u0101ri vis\u0101m robe\u017e\u0101m Target Pluss pied\u0101v\u0101 uzticamus un efekt\u012bvus transportl\u012bdzek\u013cu transport\u0113\u0161anas pakalpojumus gan priv\u0101tperson\u0101m, gan uz\u0146\u0113mumiem. Neatkar\u012bgi no t\u0101, vai j\u016bs veicat p\u0101rvad\u0101jumus Baltijas valst\u012bs, Eirop\u0101,..<\/p>","protected":false},"author":1,"featured_media":0,"parent":44499,"menu_order":0,"comment_status":"closed","ping_status":"closed","template":"","meta":{"footnotes":""},"class_list":["post-44758","page","type-page","status-publish","hentry"],"_links":{"self":[{"href":"https:\/\/targetpluss.com\/lv\/wp-json\/wp\/v2\/pages\/44758","targetHints":{"allow":["GET"]}}],"collection":[{"href":"https:\/\/targetpluss.com\/lv\/wp-json\/wp\/v2\/pages"}],"about":[{"href":"https:\/\/targetpluss.com\/lv\/wp-json\/wp\/v2\/types\/page"}],"author":[{"embeddable":true,"href":"https:\/\/targetpluss.com\/lv\/wp-json\/wp\/v2\/users\/1"}],"replies":[{"embeddable":true,"href":"https:\/\/targetpluss.com\/lv\/wp-json\/wp\/v2\/comments?post=44758"}],"version-history":[{"count":70,"href":"https:\/\/targetpluss.com\/lv\/wp-json\/wp\/v2\/pages\/44758\/revisions"}],"predecessor-version":[{"id":45469,"href":"https:\/\/targetpluss.com\/lv\/wp-json\/wp\/v2\/pages\/44758\/revisions\/45469"}],"up":[{"embeddable":true,"href":"https:\/\/targetpluss.com\/lv\/wp-json\/wp\/v2\/pages\/44499"}],"wp:attachment":[{"href":"https:\/\/targetpluss.com\/lv\/wp-json\/wp\/v2\/media?parent=44758"}],"curies":[{"name":"wp","href":"https:\/\/api.w.org\/{rel}","templated":true}]}}