{"id":45240,"date":"2025-06-06T07:16:42","date_gmt":"2025-06-06T07:16:42","guid":{"rendered":"https:\/\/targetpluss.com\/?page_id=45240"},"modified":"2025-06-06T07:43:17","modified_gmt":"2025-06-06T07:43:17","slug":"cmr-convention","status":"publish","type":"page","link":"https:\/\/targetpluss.com\/lv\/useful\/cmr-convention\/","title":{"rendered":"CMR konvencija"},"content":{"rendered":"<div data-elementor-type=\"wp-page\" data-elementor-id=\"45240\" class=\"elementor elementor-45240\" data-elementor-post-type=\"page\">\n\t\t\t\t<div class=\"elementor-element elementor-element-eb1fcb8 e-flex e-con-boxed text-reveal-no e-con e-parent\" data-id=\"eb1fcb8\" data-element_type=\"container\" data-e-type=\"container\">\n\t\t\t\t\t<div class=\"e-con-inner\">\n\t\t\t\t<div class=\"elementor-element elementor-element-9a60853 cea-align-left cea-separator-type-normal elementor-invisible elementor-widget elementor-widget-ceasectiontitle\" data-id=\"9a60853\" data-element_type=\"widget\" data-e-type=\"widget\" data-settings=\"{&quot;_animation&quot;:&quot;fadeInUp&quot;}\" data-widget_type=\"ceasectiontitle.default\">\n\t\t\t\t<div class=\"elementor-widget-container\">\n\t\t\t\t\t<div class=\"section-title-wrapper\"><div class=\"title-wrap\"><h2 class=\"section-title none\" data-animation=\"none\">What is a CMR?<\/h2><div class=\"elementor-divider\"><span class=\"elementor-divider-separator\"><\/span><\/div><\/div><!-- .title-wrap --><div class=\"section-description\"><\/div><!-- .section-description --><\/div><!-- .section-title-wrapper -->\t\t\t\t<\/div>\n\t\t\t\t<\/div>\n\t\t\t\t\t<\/div>\n\t\t\t\t<\/div>\n\t\t<div class=\"elementor-element elementor-element-5652f51 e-flex e-con-boxed text-reveal-no e-con e-parent\" data-id=\"5652f51\" data-element_type=\"container\" data-e-type=\"container\">\n\t\t\t\t\t<div class=\"e-con-inner\">\n\t\t\t\t<div class=\"elementor-element elementor-element-e527ea7 elementor-widget elementor-widget-text-editor\" data-id=\"e527ea7\" data-element_type=\"widget\" data-e-type=\"widget\" data-widget_type=\"text-editor.default\">\n\t\t\t\t<div class=\"elementor-widget-container\">\n\t\t\t\t\t\t\t\t\t<p data-start=\"123\" data-end=\"558\" class=\"translation-block\"><strong>CMR<\/strong> (<strong>Konvencija par starptautisko pre\u010du p\u0101rvad\u0101juma l\u012bgumu pa ce\u013cu<\/strong>) <strong>pavadz\u012bme<\/strong> kalpo gan k\u0101 <strong>p\u0101rvad\u0101juma l\u012bgums<\/strong>, gan k\u0101 <strong>kravas dokuments<\/strong>. Saska\u0146\u0101 ar <strong>Latvijas Civillikuma 2230. pantu<\/strong> p\u0101rvad\u0101juma l\u012bgums saist\u012bb\u0101 ar <strong>p\u0101rvad\u0101t\u0101ju<\/strong> paredz nodot\u0101ja uztic\u0113to kravu p\u0101rvad\u0101t no vienas nor\u0101d\u012btas vietas uz citu par noteiktu samaksu un pieg\u0101d\u0101t to <strong>adres\u0101tam<\/strong>.<\/p><p data-start=\"560\" data-end=\"922\" class=\"translation-block\"><strong>5. pants<\/strong> <strong>CMR Konvencij\u0101<\/strong> nosaka, ka CMR pavadz\u012bmei j\u0101b\u016bt <strong>parakst\u012btai<\/strong> (t.i., p\u0101rvad\u0101juma l\u012bgums tiek nosl\u0113gts) gan no <strong>nos\u016bt\u012bt\u0101ja<\/strong>, gan no <strong>p\u0101rvad\u0101t\u0101ja<\/strong>. Turkl\u0101t ir noteikts, ka <strong>paraksti var b\u016bt tipogr\u0101fiski iespiesti vai aizst\u0101ti ar z\u012bmogiem<\/strong>, ja tas ir at\u013cauts saska\u0146\u0101 ar t\u0101s valsts likumiem, kur\u0101 tiek noform\u0113ta pavadz\u012bme.<\/p>\t\t\t\t\t\t\t\t<\/div>\n\t\t\t\t<\/div>\n\t\t\t\t\t<\/div>\n\t\t\t\t<\/div>\n\t\t\t\t<section class=\"elementor-section elementor-top-section elementor-element elementor-element-da734d3 elementor-section-content-middle elementor-section-full_width elementor-section-height-default elementor-section-height-default text-reveal-no elementor-invisible\" data-id=\"da734d3\" data-element_type=\"section\" data-e-type=\"section\" data-settings=\"{&quot;background_background&quot;:&quot;classic&quot;,&quot;animation&quot;:&quot;fadeInUp&quot;}\">\n\t\t\t\t\t\t\t<div class=\"elementor-background-overlay\"><\/div>\n\t\t\t\t\t\t\t<div class=\"elementor-container elementor-column-gap-wide\">\n\t\t\t\t\t<div class=\"elementor-column elementor-col-50 elementor-top-column elementor-element elementor-element-651bec5\" data-id=\"651bec5\" data-element_type=\"column\" data-e-type=\"column\">\n\t\t\t<div class=\"elementor-widget-wrap elementor-element-populated\">\n\t\t\t\t\t\t<div class=\"elementor-element elementor-element-462ca1f elementor-widget elementor-widget-image\" data-id=\"462ca1f\" data-element_type=\"widget\" data-e-type=\"widget\" data-widget_type=\"image.default\">\n\t\t\t\t<div class=\"elementor-widget-container\">\n\t\t\t\t\t\t\t\t\t\t\t\t\t\t\t<img fetchpriority=\"high\" decoding=\"async\" width=\"722\" height=\"478\" src=\"https:\/\/targetpluss.com\/wp-content\/uploads\/2023\/06\/shape-image.png\" class=\"attachment-full size-full wp-image-39499\" alt=\"\" \/>\t\t\t\t\t\t\t\t\t\t\t\t\t\t\t<\/div>\n\t\t\t\t<\/div>\n\t\t\t\t\t<\/div>\n\t\t<\/div>\n\t\t\t\t<div class=\"elementor-column elementor-col-50 elementor-top-column elementor-element elementor-element-1b16667\" data-id=\"1b16667\" data-element_type=\"column\" data-e-type=\"column\">\n\t\t\t<div class=\"elementor-widget-wrap elementor-element-populated\">\n\t\t\t\t\t\t<div class=\"elementor-element elementor-element-283986e theme-separator cea-align-left elementor-invisible elementor-widget elementor-widget-ceasectiontitle\" data-id=\"283986e\" data-element_type=\"widget\" data-e-type=\"widget\" data-settings=\"{&quot;_animation&quot;:&quot;fadeInUp&quot;}\" data-widget_type=\"ceasectiontitle.default\">\n\t\t\t\t<div class=\"elementor-widget-container\">\n\t\t\t\t\t<div class=\"section-title-wrapper\"><div class=\"title-wrap\"><h3 class=\"section-title none\" data-animation=\"none\">We Create Opportunity to Reach Potential<\/h3><\/div><!-- .title-wrap --><div class=\"section-description\"><\/div><!-- .section-description --><\/div><!-- .section-title-wrapper -->\t\t\t\t<\/div>\n\t\t\t\t<\/div>\n\t\t\t\t<div class=\"elementor-element elementor-element-f9469d9 cea-btn-tablet-align-left elementor-invisible elementor-widget elementor-widget-ceabutton\" data-id=\"f9469d9\" data-element_type=\"widget\" data-e-type=\"widget\" data-settings=\"{&quot;_animation&quot;:&quot;fadeInUp&quot;}\" data-widget_type=\"ceabutton.default\">\n\t\t\t\t<div class=\"elementor-widget-container cea-button-wrapper\">\n\t\t\t\t\t<div class=\"cea-button-wrapper\">\n\t\t\t<a href=\"https:\/\/targetpluss.com\/lv\/contact-us\/\" class=\"cea-button-link elementor-button cea-button elementor-size-sm\">\n\t\t\t\t\t\t<span class=\"cea-button-content-wrapper\">\n\t\t\t\t\t\t<span class=\"cea-button-icon cea-align-icon-\">\n\t\t\t\t\t\t\t<\/span>\n\t\t\t\t\t\t<span class=\"cea-button-text\">Sazin\u0101ties ar mums<\/span>\n\t\t<\/span>\n\t\t\t\t\t<\/a>\n\t\t<\/div>\n\t\t\t\t<\/div>\n\t\t\t\t<\/div>\n\t\t\t\t\t<\/div>\n\t\t<\/div>\n\t\t\t\t\t<\/div>\n\t\t<\/section>\n\t\t\t\t<\/div>","protected":false},"excerpt":{"rendered":"<p>Kas ir CMR? CMR (Konvencija par kravu starptautisko autop\u0101rvad\u0101jumu l\u012bgumu) pavadz\u012bme kalpo gan k\u0101 p\u0101rvad\u0101juma l\u012bgums, gan k\u0101 p\u0101rvad\u0101juma l\u012bgums..<\/p>","protected":false},"author":1,"featured_media":0,"parent":45242,"menu_order":0,"comment_status":"closed","ping_status":"closed","template":"","meta":{"footnotes":""},"class_list":["post-45240","page","type-page","status-publish","hentry"],"_links":{"self":[{"href":"https:\/\/targetpluss.com\/lv\/wp-json\/wp\/v2\/pages\/45240","targetHints":{"allow":["GET"]}}],"collection":[{"href":"https:\/\/targetpluss.com\/lv\/wp-json\/wp\/v2\/pages"}],"about":[{"href":"https:\/\/targetpluss.com\/lv\/wp-json\/wp\/v2\/types\/page"}],"author":[{"embeddable":true,"href":"https:\/\/targetpluss.com\/lv\/wp-json\/wp\/v2\/users\/1"}],"replies":[{"embeddable":true,"href":"https:\/\/targetpluss.com\/lv\/wp-json\/wp\/v2\/comments?post=45240"}],"version-history":[{"count":7,"href":"https:\/\/targetpluss.com\/lv\/wp-json\/wp\/v2\/pages\/45240\/revisions"}],"predecessor-version":[{"id":45266,"href":"https:\/\/targetpluss.com\/lv\/wp-json\/wp\/v2\/pages\/45240\/revisions\/45266"}],"up":[{"embeddable":true,"href":"https:\/\/targetpluss.com\/lv\/wp-json\/wp\/v2\/pages\/45242"}],"wp:attachment":[{"href":"https:\/\/targetpluss.com\/lv\/wp-json\/wp\/v2\/media?parent=45240"}],"curies":[{"name":"wp","href":"https:\/\/api.w.org\/{rel}","templated":true}]}}