{"id":45246,"date":"2025-06-06T07:25:12","date_gmt":"2025-06-06T07:25:12","guid":{"rendered":"https:\/\/targetpluss.com\/?page_id=45246"},"modified":"2025-06-06T07:43:14","modified_gmt":"2025-06-06T07:43:14","slug":"polish-sent-system","status":"publish","type":"page","link":"https:\/\/targetpluss.com\/lv\/useful\/polish-sent-system\/","title":{"rendered":"Polijas SENT sist\u0113ma"},"content":{"rendered":"<div data-elementor-type=\"wp-page\" data-elementor-id=\"45246\" class=\"elementor elementor-45246\" data-elementor-post-type=\"page\">\n\t\t\t\t<div class=\"elementor-element elementor-element-636c972 e-flex e-con-boxed text-reveal-no e-con e-parent\" data-id=\"636c972\" data-element_type=\"container\" data-e-type=\"container\">\n\t\t\t\t\t<div class=\"e-con-inner\">\n\t\t\t\t<div class=\"elementor-element elementor-element-eec497c cea-align-left cea-separator-type-normal elementor-invisible elementor-widget elementor-widget-ceasectiontitle\" data-id=\"eec497c\" data-element_type=\"widget\" data-e-type=\"widget\" data-settings=\"{&quot;_animation&quot;:&quot;fadeInUp&quot;}\" data-widget_type=\"ceasectiontitle.default\">\n\t\t\t\t<div class=\"elementor-widget-container\">\n\t\t\t\t\t<div class=\"section-title-wrapper\"><div class=\"title-wrap\"><h2 class=\"section-title none\" data-animation=\"none\">About the Polish SENT System<\/h2><div class=\"elementor-divider\"><span class=\"elementor-divider-separator\"><\/span><\/div><\/div><!-- .title-wrap --><div class=\"section-description\"><\/div><!-- .section-description --><\/div><!-- .section-title-wrapper -->\t\t\t\t<\/div>\n\t\t\t\t<\/div>\n\t\t\t\t\t<\/div>\n\t\t\t\t<\/div>\n\t\t<div class=\"elementor-element elementor-element-4291cf7 e-flex e-con-boxed text-reveal-no e-con e-parent\" data-id=\"4291cf7\" data-element_type=\"container\" data-e-type=\"container\">\n\t\t\t\t\t<div class=\"e-con-inner\">\n\t\t\t\t<div class=\"elementor-element elementor-element-e330942 elementor-widget elementor-widget-text-editor\" data-id=\"e330942\" data-element_type=\"widget\" data-e-type=\"widget\" data-widget_type=\"text-editor.default\">\n\t\t\t\t<div class=\"elementor-widget-container\">\n\t\t\t\t\t\t\t\t\t<p data-start=\"246\" data-end=\"577\" class=\"translation-block\">Kop\u0161 <strong>2020. gada 25. septembra<\/strong> <strong>Polija<\/strong> ir ieviesusi <strong>SENT sist\u0113mu<\/strong>, kuras m\u0113r\u0137is ir nov\u0113rst <strong>pievienot\u0101s v\u0113rt\u012bbas nodok\u013ca (PVN) izvair\u012b\u0161anos<\/strong> un c\u012bn\u012bties ar <strong>nelikum\u012bgu naftas produktu, augu e\u013c\u013cu, alkohola un tabakas izstr\u0101d\u0101jumu tirdzniec\u012bbu<\/strong>. J\u0101\u0146em v\u0113r\u0101, ka <strong>likumisk\u0101s pras\u012bbas<\/strong> attiecas ar\u012b uz <strong>kravas nos\u016bt\u012bt\u0101ju<\/strong> un <strong>sa\u0146\u0113m\u0113ju<\/strong>, jo vi\u0146i ir <strong>atbild\u012bgi par prec\u012bzas inform\u0101cijas snieg\u0161anu<\/strong> p\u0101rvad\u0101t\u0101jam.<\/p><p data-start=\"565\" data-end=\"762\" class=\"translation-block\"><strong>Nepiecie\u0161amie dokumenti un inform\u0101cija, kas j\u0101iesniedz pie Polijas robe\u017eas<\/strong><br>Klienta <strong>pien\u0101kums un atbild\u012bba<\/strong> ir nodro\u0161in\u0101t p\u0101rvad\u0101t\u0101jam \u0161\u0101dus <strong>dokumentus un inform\u0101ciju<\/strong>:<\/p><ul data-start=\"764\" data-end=\"1035\"><li data-start=\"764\" data-end=\"828\"><p data-start=\"766\" data-end=\"828\" class=\"translation-block\"><strong data-start=\"766\" data-end=\"777\">r\u0113\u0137ins<\/strong>, <strong data-start=\"779\" data-end=\"798\">iepakojuma saraksts(-i)<\/strong> un <strong data-start=\"804\" data-end=\"825\">transporta pavadz\u012bme<\/strong>;<\/p><\/li><li data-start=\"829\" data-end=\"876\"><p data-start=\"831\" data-end=\"876\" class=\"translation-block\"><strong>Pre\u010du prec\u012bzs daudzums un svars<\/strong>;<\/p><\/li><li data-start=\"877\" data-end=\"915\"><p data-start=\"879\" data-end=\"915\" class=\"translation-block\"><strong data-start=\"879\" data-end=\"898\">Muitas kods(-i)<\/strong> (<strong data-start=\"900\" data-end=\"911\">HS kods<\/strong>);<\/p><\/li><li data-start=\"916\" data-end=\"1035\"><p data-start=\"918\" data-end=\"1035\" class=\"translation-block\"><strong>Pilna inform\u0101cija<\/strong> par <strong>nos\u016bt\u012bt\u0101ju un sa\u0146\u0113m\u0113ju<\/strong>, tostarp <strong>adrese<\/strong>, <strong>re\u0123istr\u0101cijas numurs<\/strong> un <strong>PVN numurs<\/strong>.<\/p><\/li><\/ul><p data-start=\"1037\" data-end=\"1284\" class=\"translation-block\"><strong>Klientam ir pien\u0101kums inform\u0113t p\u0101rvad\u0101t\u0101ju<\/strong>, ja vi\u0146a prece atbilst k\u0101dam no <strong>nor\u0101d\u012btajiem muitas kodiem<\/strong> un ja <strong>svars vai tilpums<\/strong> p\u0101rsniedz <strong>500 kg vai 500 litrus<\/strong>, vai noteiktos gad\u012bjumos, ja <strong>iepakojums p\u0101rsniedz 26 kg vai 26 litrus<\/strong>.<\/p>\t\t\t\t\t\t\t\t<\/div>\n\t\t\t\t<\/div>\n\t\t\t\t\t<\/div>\n\t\t\t\t<\/div>\n\t\t\t\t<section class=\"elementor-section elementor-top-section elementor-element elementor-element-aac26dd elementor-section-content-middle elementor-section-full_width elementor-section-height-default elementor-section-height-default text-reveal-no elementor-invisible\" data-id=\"aac26dd\" data-element_type=\"section\" data-e-type=\"section\" data-settings=\"{&quot;background_background&quot;:&quot;classic&quot;,&quot;animation&quot;:&quot;fadeInUp&quot;}\">\n\t\t\t\t\t\t\t<div class=\"elementor-background-overlay\"><\/div>\n\t\t\t\t\t\t\t<div class=\"elementor-container elementor-column-gap-wide\">\n\t\t\t\t\t<div class=\"elementor-column elementor-col-50 elementor-top-column elementor-element elementor-element-5bc46c8\" data-id=\"5bc46c8\" data-element_type=\"column\" data-e-type=\"column\">\n\t\t\t<div class=\"elementor-widget-wrap elementor-element-populated\">\n\t\t\t\t\t\t<div class=\"elementor-element elementor-element-689bed3 elementor-widget elementor-widget-image\" data-id=\"689bed3\" data-element_type=\"widget\" data-e-type=\"widget\" data-widget_type=\"image.default\">\n\t\t\t\t<div class=\"elementor-widget-container\">\n\t\t\t\t\t\t\t\t\t\t\t\t\t\t\t<img fetchpriority=\"high\" decoding=\"async\" width=\"722\" height=\"478\" src=\"https:\/\/targetpluss.com\/wp-content\/uploads\/2023\/06\/shape-image.png\" class=\"attachment-full size-full wp-image-39499\" alt=\"\" \/>\t\t\t\t\t\t\t\t\t\t\t\t\t\t\t<\/div>\n\t\t\t\t<\/div>\n\t\t\t\t\t<\/div>\n\t\t<\/div>\n\t\t\t\t<div class=\"elementor-column elementor-col-50 elementor-top-column elementor-element elementor-element-ac40c33\" data-id=\"ac40c33\" data-element_type=\"column\" data-e-type=\"column\">\n\t\t\t<div class=\"elementor-widget-wrap elementor-element-populated\">\n\t\t\t\t\t\t<div class=\"elementor-element elementor-element-4562890 theme-separator cea-align-left elementor-invisible elementor-widget elementor-widget-ceasectiontitle\" data-id=\"4562890\" data-element_type=\"widget\" data-e-type=\"widget\" data-settings=\"{&quot;_animation&quot;:&quot;fadeInUp&quot;}\" data-widget_type=\"ceasectiontitle.default\">\n\t\t\t\t<div class=\"elementor-widget-container\">\n\t\t\t\t\t<div class=\"section-title-wrapper\"><div class=\"title-wrap\"><h3 class=\"section-title none\" data-animation=\"none\">Need more information about the system? <\/h3><\/div><!-- .title-wrap --><div class=\"section-description\"><\/div><!-- .section-description --><\/div><!-- .section-title-wrapper -->\t\t\t\t<\/div>\n\t\t\t\t<\/div>\n\t\t\t\t<div class=\"elementor-element elementor-element-bfdf1ea cea-btn-tablet-align-left elementor-invisible elementor-widget elementor-widget-ceabutton\" data-id=\"bfdf1ea\" data-element_type=\"widget\" data-e-type=\"widget\" data-settings=\"{&quot;_animation&quot;:&quot;fadeInUp&quot;}\" data-widget_type=\"ceabutton.default\">\n\t\t\t\t<div class=\"elementor-widget-container cea-button-wrapper\">\n\t\t\t\t\t<div class=\"cea-button-wrapper\">\n\t\t\t<a href=\"https:\/\/targetpluss.com\/lv\/contact-us\/\" class=\"cea-button-link elementor-button cea-button elementor-size-sm\">\n\t\t\t\t\t\t<span class=\"cea-button-content-wrapper\">\n\t\t\t\t\t\t<span class=\"cea-button-icon cea-align-icon-\">\n\t\t\t\t\t\t\t<\/span>\n\t\t\t\t\t\t<span class=\"cea-button-text\">Sazin\u0101ties ar mums<\/span>\n\t\t<\/span>\n\t\t\t\t\t<\/a>\n\t\t<\/div>\n\t\t\t\t<\/div>\n\t\t\t\t<\/div>\n\t\t\t\t\t<\/div>\n\t\t<\/div>\n\t\t\t\t\t<\/div>\n\t\t<\/section>\n\t\t\t\t<\/div>","protected":false},"excerpt":{"rendered":"<p>Par Polijas SENT sist\u0113mu Kop\u0161 2020. gada 25. septembra Polij\u0101 ir ieviesta SENT sist\u0113ma, kuras m\u0113r\u0137is ir nov\u0113rst izvair\u012b\u0161anos no pievienot\u0101s v\u0113rt\u012bbas nodok\u013ca (PVN) maks\u0101\u0161anas un apkarot neleg\u0101lo tirdzniec\u012bbu..<\/p>","protected":false},"author":1,"featured_media":0,"parent":45242,"menu_order":0,"comment_status":"closed","ping_status":"closed","template":"","meta":{"footnotes":""},"class_list":["post-45246","page","type-page","status-publish","hentry"],"_links":{"self":[{"href":"https:\/\/targetpluss.com\/lv\/wp-json\/wp\/v2\/pages\/45246","targetHints":{"allow":["GET"]}}],"collection":[{"href":"https:\/\/targetpluss.com\/lv\/wp-json\/wp\/v2\/pages"}],"about":[{"href":"https:\/\/targetpluss.com\/lv\/wp-json\/wp\/v2\/types\/page"}],"author":[{"embeddable":true,"href":"https:\/\/targetpluss.com\/lv\/wp-json\/wp\/v2\/users\/1"}],"replies":[{"embeddable":true,"href":"https:\/\/targetpluss.com\/lv\/wp-json\/wp\/v2\/comments?post=45246"}],"version-history":[{"count":7,"href":"https:\/\/targetpluss.com\/lv\/wp-json\/wp\/v2\/pages\/45246\/revisions"}],"predecessor-version":[{"id":45263,"href":"https:\/\/targetpluss.com\/lv\/wp-json\/wp\/v2\/pages\/45246\/revisions\/45263"}],"up":[{"embeddable":true,"href":"https:\/\/targetpluss.com\/lv\/wp-json\/wp\/v2\/pages\/45242"}],"wp:attachment":[{"href":"https:\/\/targetpluss.com\/lv\/wp-json\/wp\/v2\/media?parent=45246"}],"curies":[{"name":"wp","href":"https:\/\/api.w.org\/{rel}","templated":true}]}}